{"id":5307,"date":"2022-02-12T09:58:20","date_gmt":"2022-02-12T08:58:20","guid":{"rendered":"https:\/\/prague-segway-tours.com\/el-agua-en-praga-es-segura-para-beber\/"},"modified":"2025-10-08T18:27:58","modified_gmt":"2025-10-08T16:27:58","slug":"el-agua-en-praga-es-segura-para-beber","status":"publish","type":"page","link":"https:\/\/prague-segway-tours.com\/es\/el-agua-en-praga-es-segura-para-beber\/","title":{"rendered":"El agua en Praga es segura para beber"},"content":{"rendered":"<figure id=\"attachment_5298\" aria-describedby=\"caption-attachment-5298\" style=\"width: 768px\" class=\"wp-caption alignleft\"><img loading=\"lazy\" decoding=\"async\" class=\"wp-image-5294\" src=\"https:\/\/prague-segway-tours.com\/wp-content\/uploads\/2022\/02\/water-in-prague-is-safe.jpg\" alt=\"{%ALT_TEXT%}\" width=\"768\" height=\"512\" title=\"\" srcset=\"https:\/\/prague-segway-tours.com\/wp-content\/uploads\/2022\/02\/water-in-prague-is-safe.jpg 1024w, https:\/\/prague-segway-tours.com\/wp-content\/uploads\/2022\/02\/water-in-prague-is-safe-300x200.jpg 300w, https:\/\/prague-segway-tours.com\/wp-content\/uploads\/2022\/02\/water-in-prague-is-safe-768x512.jpg 768w, https:\/\/prague-segway-tours.com\/wp-content\/uploads\/2022\/02\/water-in-prague-is-safe-175x117.jpg 175w, https:\/\/prague-segway-tours.com\/wp-content\/uploads\/2022\/02\/water-in-prague-is-safe-450x300.jpg 450w, https:\/\/prague-segway-tours.com\/wp-content\/uploads\/2022\/02\/water-in-prague-is-safe-270x180.jpg 270w\" sizes=\"auto, (max-width: 768px) 100vw, 768px\" \/><figcaption id=\"caption-attachment-5298\" class=\"wp-caption-text\">{%CAPTION%}<\/figcaption><\/figure>\n<h2>\u00a1El agua del grifo en Praga es segura para beber!<\/h2>\n<p>La calidad del agua del grifo en la Rep\u00fablica Checa es muy alta. Puedes beber agua del grifo en Praga sin preocuparte por las consecuencias desagradables. Se presta especial atenci\u00f3n al sistema de tratamiento de agua, porque de \u00e9l depende la salud de la naci\u00f3n.<\/p>\n<p>En un restaurante se le puede servir agua del grifo en una jarra, pero tenga en cuenta que en algunos lugares podr\u00eda costarle una tarifa comparable al costo de una jarra de cerveza. En las tiendas de vinos, por el contrario, el agua se ofrece de inmediato y de forma gratuita, porque es una tradici\u00f3n checa lavar el vino con agua: muchos checos incluso diluyen el vino con agua en su vaso.<\/p>\n<p>Encontrar\u00e1s fuentes de agua potable en los parques y en las calles, as\u00ed que no tengas miedo de verterla en una botella. Al mismo tiempo, mire las se\u00f1ales, si el agua de la fuente no es apta para beber, estar\u00e1 claramente escrita, generalmente incluso en varios idiomas.<\/p>\n","protected":false},"excerpt":{"rendered":"<p>\u00a1El agua del grifo en Praga es segura para beber! La calidad del agua del grifo en la Rep\u00fablica Checa es muy alta. Puedes beber agua del grifo en Praga sin preocuparte por las consecuencias desagradables. Se presta especial atenci\u00f3n al sistema de tratamiento de agua, porque de \u00e9l depende la salud de la naci\u00f3n.<\/p>\n","protected":false},"author":1,"featured_media":0,"parent":0,"menu_order":0,"comment_status":"closed","ping_status":"closed","template":"","meta":{"_acf_changed":false,"_joinchat":[],"footnotes":""},"class_list":["post-5307","page","type-page","status-publish"],"acf":[],"_links":{"self":[{"href":"https:\/\/prague-segway-tours.com\/es\/wp-json\/wp\/v2\/pages\/5307","targetHints":{"allow":["GET"]}}],"collection":[{"href":"https:\/\/prague-segway-tours.com\/es\/wp-json\/wp\/v2\/pages"}],"about":[{"href":"https:\/\/prague-segway-tours.com\/es\/wp-json\/wp\/v2\/types\/page"}],"author":[{"embeddable":true,"href":"https:\/\/prague-segway-tours.com\/es\/wp-json\/wp\/v2\/users\/1"}],"replies":[{"embeddable":true,"href":"https:\/\/prague-segway-tours.com\/es\/wp-json\/wp\/v2\/comments?post=5307"}],"version-history":[{"count":2,"href":"https:\/\/prague-segway-tours.com\/es\/wp-json\/wp\/v2\/pages\/5307\/revisions"}],"predecessor-version":[{"id":17066,"href":"https:\/\/prague-segway-tours.com\/es\/wp-json\/wp\/v2\/pages\/5307\/revisions\/17066"}],"wp:attachment":[{"href":"https:\/\/prague-segway-tours.com\/es\/wp-json\/wp\/v2\/media?parent=5307"}],"curies":[{"name":"wp","href":"https:\/\/api.w.org\/{rel}","templated":true}]}}