{"id":5282,"date":"2022-01-27T13:25:35","date_gmt":"2022-01-27T12:25:35","guid":{"rendered":"https:\/\/prague-segway-tours.com\/10-comidas-para-probar-en-praga\/"},"modified":"2023-02-06T18:30:55","modified_gmt":"2023-02-06T17:30:55","slug":"10-comidas-para-probar-en-praga","status":"publish","type":"page","link":"https:\/\/prague-segway-tours.com\/es\/10-comidas-para-probar-en-praga\/","title":{"rendered":"10 comidas para probar en Praga"},"content":{"rendered":"<p>Para aquellos que van a visitar Praga, hemos preparado una lista de 10 platos para probar en Praga, los platos m\u00e1s populares de la cocina checa, que definitivamente debes probar durante tu viaje.<\/p>\n<p>Consulta esta lista, e incluso si solo est\u00e1s en Praga el fin de semana, planifica con anticipaci\u00f3n lo que quieres probar, porque la cocina checa es muy abundante y ser\u00eda una pena perderse lo mejor.<\/p>\n","protected":false},"excerpt":{"rendered":"<p>Para aquellos que van a visitar Praga, hemos preparado una lista de 10 platos para probar en Praga, los platos m\u00e1s populares de la cocina checa, que definitivamente debes probar durante tu viaje. Consulta esta lista, e incluso si solo est\u00e1s en Praga el fin de semana, planifica con anticipaci\u00f3n lo que quieres probar, porque<\/p>\n","protected":false},"author":1,"featured_media":5180,"parent":0,"menu_order":0,"comment_status":"closed","ping_status":"closed","template":"template-article-10.php","meta":{"_acf_changed":false,"_joinchat":[],"footnotes":""},"class_list":["post-5282","page","type-page","status-publish","has-post-thumbnail"],"acf":[],"_links":{"self":[{"href":"https:\/\/prague-segway-tours.com\/es\/wp-json\/wp\/v2\/pages\/5282","targetHints":{"allow":["GET"]}}],"collection":[{"href":"https:\/\/prague-segway-tours.com\/es\/wp-json\/wp\/v2\/pages"}],"about":[{"href":"https:\/\/prague-segway-tours.com\/es\/wp-json\/wp\/v2\/types\/page"}],"author":[{"embeddable":true,"href":"https:\/\/prague-segway-tours.com\/es\/wp-json\/wp\/v2\/users\/1"}],"replies":[{"embeddable":true,"href":"https:\/\/prague-segway-tours.com\/es\/wp-json\/wp\/v2\/comments?post=5282"}],"version-history":[{"count":1,"href":"https:\/\/prague-segway-tours.com\/es\/wp-json\/wp\/v2\/pages\/5282\/revisions"}],"predecessor-version":[{"id":5284,"href":"https:\/\/prague-segway-tours.com\/es\/wp-json\/wp\/v2\/pages\/5282\/revisions\/5284"}],"wp:featuredmedia":[{"embeddable":true,"href":"https:\/\/prague-segway-tours.com\/es\/wp-json\/wp\/v2\/media\/5180"}],"wp:attachment":[{"href":"https:\/\/prague-segway-tours.com\/es\/wp-json\/wp\/v2\/media?parent=5282"}],"curies":[{"name":"wp","href":"https:\/\/api.w.org\/{rel}","templated":true}]}}