{"id":2920,"date":"2020-09-01T16:41:44","date_gmt":"2020-09-01T14:41:44","guid":{"rendered":"https:\/\/prague-segway-tours.com\/eventos-corporativos\/"},"modified":"2022-02-13T12:20:42","modified_gmt":"2022-02-13T11:20:42","slug":"eventos-corporativos","status":"publish","type":"page","link":"https:\/\/prague-segway-tours.com\/es\/eventos-corporativos\/","title":{"rendered":"Eventos corporativos"},"content":{"rendered":"<div class=\"wpb-content-wrapper\"><p>[vc_row][vc_column][vc_column_text single_style=\u00bb\u00bb]<\/p>\n<h2>Eventos en Segway &#038; e-scooter: para grupos, equipos de trabajo o grupos de amigos<\/h2>\n<p>Somos especialistas en preparar tours a la medida y programas de incentivos para grupos en Segway.<\/p>\n<p>Si eres un\u00a0<strong>Organizador de eventos<\/strong>, o un\u00a0<strong>grupo de empresa<\/strong>, o solo un\u00a0<strong>Grupo de amigos<\/strong>\u00a0&#8211; Est\u00e1s en el lugar correcto<\/p>\n<p>Hagamos tu propio tour en Segway u otra actividad:<\/p>\n<ul class=\"common-list\" style=\"margin-bottom: 20px;\">\n<li><a class=\"js-anchor-link\" href=\"#cityTours\" data-offset=\"70\"><strong>Segway tour en la ciudad<\/strong><\/a><\/li>\n<li><a class=\"js-anchor-link\" href=\"#teambuilding\" data-offset=\"70\"><strong>Juegos en Segway para eventos corporativos<\/strong><\/a><\/li>\n<li><a class=\"js-anchor-link\" href=\"#offroad\" data-offset=\"70\"><strong>Segway tours a las afueras de la ciudad<\/strong><\/a><\/li>\n<li><a class=\"js-anchor-link\" href=\"#oldCars\" data-offset=\"70\"><strong>PRAGA<\/strong><\/a>\u00a0&#8211; transporte en autos checos cl\u00e1sicos<\/li>\n<li><a class=\"js-anchor-link\" href=\"#beerTasting\" data-offset=\"70\"><strong>Pruea la cerveza<\/strong><\/a>\u00a0&#8211; en La Cervecer\u00eda Mon\u00e1stica Strahov<\/li>\n<li><a class=\"js-anchor-link\" href=\"#riverBoat\" data-offset=\"70\"><strong>Paseos en barco por el r\u00edo<\/strong><\/a><\/li>\n<li>y m\u00e1s..<\/li>\n<\/ul>\n<p>Todas las actividades se medir\u00e1n seg\u00fan el tama\u00f1o de su grupo y el per\u00edodo de tiempo solicitado.<br \/>\nLo que sea que te guste hacer, ll\u00e1manos ahora al\u00a0<strong>+420 724 280 838<\/strong>\u00a0O llena nuestro\u00a0<a href=\"https:\/\/prague-segway-tours.com\/contacts\/\"><strong>formulario de contacto<\/strong><\/a>.[\/vc_column_text][\/vc_column][\/vc_row][vc_row el_id=\u00bbcityTours\u00bb][vc_column width=\u00bb1\/3&#8243;][vc_single_image image=\u00bb2943&#8243; img_size=\u00bbfull\u00bb alignment=\u00bbcenter\u00bb style=\u00bbvc_box_outline\u00bb][\/vc_column][vc_column width=\u00bb2\/3&#8243;][vc_column_text single_style=\u00bb\u00bb]<\/p>\n<h3 style=\"margin-top: 0;\">Segway tour en la ciudad<\/h3>\n<p>Simplemente la mejor manera de hacer turismo en Praga.<br \/>\nLos grupos m\u00e1s grandes de 40 a 80 personas se dividir\u00e1n en subgrupos m\u00e1s peque\u00f1os. Cada subgrupo viajar\u00e1 por la ciudad en Segways por separado y contar\u00e1 con un gu\u00eda profesional.<\/p>\n<ul class=\"common-list\">\n<li>Seleccione la ruta del tour y lugares a ver<\/li>\n<li>Elija la duraci\u00f3n de su recorrido de 1 a 3 horas<\/li>\n<li>Seleccione el idioma para su tour<\/li>\n<\/ul>\n<p>[\/vc_column_text][\/vc_column][\/vc_row][vc_row el_id=\u00bbteambuilding\u00bb][vc_column width=\u00bb1\/3&#8243;][vc_single_image image=\u00bb2939&#8243; img_size=\u00bbfull\u00bb alignment=\u00bbcenter\u00bb style=\u00bbvc_box_outline\u00bb][\/vc_column][vc_column width=\u00bb2\/3&#8243;][vc_column_text single_style=\u00bb\u00bb]<\/p>\n<h3 style=\"margin-top: 0;\">Juegos en Segway para eventos corporativos<\/h3>\n<p>Es divertido para todo el equipo. Andar en Segway siempre es divertido, pero los Juegos de Segwaypara eventos corporativos son simplemente geniales. Una vez que se dominan las habilidades b\u00e1sicas de conducci\u00f3n, pueden comenzar los juegos.<br \/>\nPor ejemplo, su grupo de 60 personas puede crear recuerdos inolvidables en solo 3 horas.<\/p>\n<ul class=\"common-list\">\n<li>Segway Giant y Mini Slalom<\/li>\n<li>Segway Polo<\/li>\n<li>Desaf\u00edos de navegaci\u00f3n<\/li>\n<li>y mucha m\u00e1s diversi\u00f3n<\/li>\n<\/ul>\n<p>[\/vc_column_text][\/vc_column][\/vc_row][vc_row el_id=\u00bboffroad\u00bb][vc_column width=\u00bb1\/3&#8243;][vc_single_image image=\u00bb2935&#8243; img_size=\u00bbfull\u00bb alignment=\u00bbcenter\u00bb style=\u00bbvc_box_outline\u00bb][\/vc_column][vc_column width=\u00bb2\/3&#8243;][vc_column_text single_style=\u00bb\u00bb]<\/p>\n<h3 style=\"margin-top: 0;\">Segway tours a las afueras de la ciudad<\/h3>\n<p>Este es un desaf\u00edo para todos los viajeros aventureros y entusiastas a la adrenalina.<br \/>\nTe llevaremos por terrenos seguros pero exigentes en el vecindario. Te deslizaras por heromsos senderos naturales en tu Segway x2. Perfecta aventura ecol\u00f3gica que vale la pena compartir.<br \/>\nCapacidad limitada: adecuada para grupos m\u00e1s peque\u00f1os de hasta 10 personas.<\/p>\n<p>[\/vc_column_text][\/vc_column][\/vc_row][vc_row el_id=\u00bboldCars\u00bb][vc_column width=\u00bb1\/3&#8243;][vc_single_image image=\u00bb2931&#8243; img_size=\u00bbfull\u00bb alignment=\u00bbcenter\u00bb style=\u00bbvc_box_outline\u00bb][\/vc_column][vc_column width=\u00bb2\/3&#8243;][vc_column_text single_style=\u00bb\u00bb]<\/p>\n<h3 style=\"margin-top: 0;\">Praga -transporte en autos checos cl\u00e1sicos<\/h3>\n<p>Tambi\u00e9n ofrecemos un transporte de ubicaci\u00f3n \u00fanica o recorridos tur\u00edsticos en autom\u00f3viles antiguos checos originales que datan de 1928-1935.<br \/>\nEstos son coches Praga originales de l\u00edneas de producci\u00f3n checas. Todos los coches han sido completamente restaurados y los cuales eran coches de lujo en el momento de su fabricaci\u00f3n.<\/p>\n<ul class=\"common-list\">\n<li>TAXI &#8211; transporte de ubicaci\u00f3n<a href=\"\/contacts\/\">on request<\/a><\/li>\n<li>Visitas tur\u00edsticas por el centro hist\u00f3rico de Praga<\/li>\n<li>Capacidad de transporte hasta 40 personas<\/li>\n<\/ul>\n<p>[\/vc_column_text][\/vc_column][\/vc_row][vc_row el_id=\u00bbbeerTasting\u00bb][vc_column width=\u00bb1\/3&#8243;][vc_single_image image=\u00bb2927&#8243; img_size=\u00bbfull\u00bb alignment=\u00bbcenter\u00bb style=\u00bbvc_box_outline\u00bb][\/vc_column][vc_column width=\u00bb2\/3&#8243;][vc_column_text single_style=\u00bb\u00bb]<\/p>\n<h3 style=\"margin-top: 0;\">Pruea la cerveza<\/h3>\n<p>La cervecer\u00eda mon\u00e1stica de Strahov es la estaci\u00f3n final perfecta para compartir sus experiencias despu\u00e9s de un d\u00eda en Segway con sus amigos.<br \/>\nLa cerveceria est\u00e1 ubicada en el edificio del Monasterio de Strahov, que fue fundado por el rey Vladislav II en 1142. La f\u00e1brica de cerveza fue completamente restaurada en 2000, durante una reconstrucci\u00f3n extensa y dif\u00edcil de todo el complejo.<\/p>\n<ul class=\"common-list\">\n<li>Prueba varios tipos de cerveza local,fresca y sabrosas.<\/li>\n<li>Disfruta de la aut\u00e9ntica cocina checa<\/li>\n<li>Capacidad total de 350 asientos<\/li>\n<li><a href=\"\/contacts\/\">Solicite mas informaci\u00f3n<\/a><\/li>\n<\/ul>\n<p>[\/vc_column_text][\/vc_column][\/vc_row][vc_row el_id=\u00bbriverBoat\u00bb][vc_column width=\u00bb1\/3&#8243;][vc_single_image image=\u00bb2923&#8243; img_size=\u00bbfull\u00bb alignment=\u00bbcenter\u00bb style=\u00bbvc_box_outline\u00bb][\/vc_column][vc_column width=\u00bb2\/3&#8243;][vc_column_text single_style=\u00bb\u00bb]<\/p>\n<h3 style=\"margin-top: 0;\">Paseos en barco por el r\u00edo<\/h3>\n<p>Las magn\u00edficas vistas del Castillo de Praga son bien conocidas, pero desde un barco parecer\u00e1n a\u00fan m\u00e1s reales y nobles, no solo una vista peatonal ordinaria. Desde todos los \u00e1ngulos posibles, veras las bellezas del Puente de Carlos que el maestro de obras Peter Parler desarrollo.<br \/>\nEstas peque\u00f1as embarcaciones pueden acceder a lugares invisibles desde la orilla, incluido el llamado arco cero, que est\u00e1 completamente oculto a la vista de los peatones.<\/p>\n<ul class=\"common-list\">\n<li>El viaje comienza a solo 150 metros de nuestra oficina.<\/li>\n<li><a href=\"\/contacts\/\">solicite mas informaci\u00f3n<\/a><\/li>\n<\/ul>\n<p>[\/vc_column_text][\/vc_column][\/vc_row]<\/p>\n<\/div>","protected":false},"excerpt":{"rendered":"<p>[vc_row][vc_column][vc_column_text single_style=\u00bb\u00bb] Eventos en Segway &#038; e-scooter: para grupos, equipos de trabajo o grupos de amigos Somos especialistas en preparar tours a la medida y programas de incentivos para grupos en Segway. Si eres un\u00a0Organizador de eventos, o un\u00a0grupo de empresa, o solo un\u00a0Grupo de amigos\u00a0&#8211; Est\u00e1s en el lugar correcto Hagamos tu propio tour<\/p>\n","protected":false},"author":2,"featured_media":0,"parent":0,"menu_order":0,"comment_status":"closed","ping_status":"closed","template":"page-blocks.php","meta":{"_acf_changed":false,"_joinchat":[],"footnotes":""},"class_list":["post-2920","page","type-page","status-publish"],"acf":[],"_links":{"self":[{"href":"https:\/\/prague-segway-tours.com\/es\/wp-json\/wp\/v2\/pages\/2920","targetHints":{"allow":["GET"]}}],"collection":[{"href":"https:\/\/prague-segway-tours.com\/es\/wp-json\/wp\/v2\/pages"}],"about":[{"href":"https:\/\/prague-segway-tours.com\/es\/wp-json\/wp\/v2\/types\/page"}],"author":[{"embeddable":true,"href":"https:\/\/prague-segway-tours.com\/es\/wp-json\/wp\/v2\/users\/2"}],"replies":[{"embeddable":true,"href":"https:\/\/prague-segway-tours.com\/es\/wp-json\/wp\/v2\/comments?post=2920"}],"version-history":[{"count":5,"href":"https:\/\/prague-segway-tours.com\/es\/wp-json\/wp\/v2\/pages\/2920\/revisions"}],"predecessor-version":[{"id":5363,"href":"https:\/\/prague-segway-tours.com\/es\/wp-json\/wp\/v2\/pages\/2920\/revisions\/5363"}],"wp:attachment":[{"href":"https:\/\/prague-segway-tours.com\/es\/wp-json\/wp\/v2\/media?parent=2920"}],"curies":[{"name":"wp","href":"https:\/\/api.w.org\/{rel}","templated":true}]}}