{"id":2873,"date":"2020-02-17T15:54:15","date_gmt":"2020-02-17T14:54:15","guid":{"rendered":"https:\/\/prague-segway-tours.com\/blog\/"},"modified":"2023-02-09T13:48:08","modified_gmt":"2023-02-09T12:48:08","slug":"blog","status":"publish","type":"page","link":"https:\/\/prague-segway-tours.com\/es\/blog\/","title":{"rendered":"Blog"},"content":{"rendered":"<div class=\"wpb-content-wrapper\"><p>[vc_row][vc_column]\n\t<section class=\"cf block loop-list\" data-id=\"6\">\n\t\n\t\t\t\t\n\t\t<div class=\"block-content\">\n\t\t\n\t<div class=\"posts-dynamic posts-container ts-row list count-0 is-mixed\">\n\t\t\t\n\t\t\t\t\t\n\t\t\t\t\t\t\n\t\t\t\t\t\t\t\n\t\t\t\t\t\t\t\t\n\t\t\t\t<div class=\"posts-wrap\">\t\t\t\t\n\t\t\t\t\t\t\n\t\t\t\t\t\t\n\t\t\t\t\t\t\t\t\n\t\t\t\t\t<div class=\"col-12\">\n\t\t\t\t\t\t\n<?\n    $has_post_thumbnail = has_post_thumbnail();\n    if (!$has_post_thumbnail) {\n        $classes[] = \"thumbnail-empty\";\n    }\n?>\n\n<article id=\"post-17348\" class=\"list-post list-post-b\">\n\n    <? if( $has_post_thumbnail ) : ?>\n\n        <div class=\"post-thumb\">\n\n            \n            \n\n                    <\/div>\n\n    <? endif; ?>\n\n\n\t<div class=\"content\">\n\t\n\t\t<div class=\"post-meta post-meta-b post-meta-left\"><div class=\"meta-above\"><span class=\"post-cat\">\n\t\t\t\t\t\t\n\t\t\t\t\t\t<a href=\"https:\/\/prague-segway-tours.com\/ru\/category\/blog-ru\/\" class=\"category\" rel=\"category\">\u0411\u043b\u043e\u0433<\/a>\n\t\t\t\t\t<\/span>\n\t\t\t\t\t<\/div><h2 class=\"is-title post-title\"><a href=\"https:\/\/prague-segway-tours.com\/es\/blog-ru\/spring-is-the-best-time-to-visit-prague\/\">5 Reasons Why Spring is the Best Time to Visit Prague<\/a><\/h2><\/div>\t\t\n\t\t\n\t\t<div class=\"post-content post-excerpt cf \">\n\n\t\t\t<p>Goodbye dark evenings, hello sunshine. Here is how to make the most of the Czech capital as it wakes up from hibernation. There is&hellip;<\/p>\n\n\t\t<\/div>\n\n\t\t\n        \t\t\t\n\t\t\t\t<div class=\"post-footer\">\n\t\t\n\t\t\t\t\t\t\t<a href=\"https:\/\/prague-segway-tours.com\/es\/blog-ru\/spring-is-the-best-time-to-visit-prague\/\" class=\"read-more-link read-more-btn\">\n\t\t\t\t\tContinue Reading\t\t\t\t<\/a>\n\t\t\t\n\t\t\t\t\t\t\t\t\n\t\t<\/div>\n\t\t\t\t\n\t<\/div> <!-- .content -->\n\n\t\n\t\t\n<\/article>\t\t\t\t\t<\/div>\n\t\t\t\t\t\n\t\t\t\t\t\t\t\t\t\n\t\t\t\t\t\t\n\t\t\t\t\t\n\t\t\t\t\t\t\n\t\t\t\t\t\t\n\t\t\t\t\t\t\t\t\n\t\t\t\t\t<div class=\"col-12\">\n\t\t\t\t\t\t\n<?\n    $has_post_thumbnail = has_post_thumbnail();\n    if (!$has_post_thumbnail) {\n        $classes[] = \"thumbnail-empty\";\n    }\n?>\n\n<article id=\"post-17152\" class=\"list-post list-post-b\">\n\n    <? if( $has_post_thumbnail ) : ?>\n\n        <div class=\"post-thumb\">\n\n            <a href=\"https:\/\/prague-segway-tours.com\/es\/blog-es\/aeropuerto-de-praga-al-centro-transporte-2026\/\" class=\"image-link media-ratio ar-cheerup-list-b\"><img loading=\"lazy\" decoding=\"async\" width=\"370\" height=\"305\" src=\"https:\/\/prague-segway-tours.com\/wp-content\/uploads\/2025\/11\/UberIM_006163-2-scaled-1-768x513.webp\" class=\"attachment-cheerup-768 size-cheerup-768 wp-post-image\" alt=\"Uber en Praga\" sizes=\"auto, (max-width: 370px) 100vw, 370px\" title=\"Aeropuerto de Praga al centro de la ciudad: Mejores opciones de transporte en 2026\" srcset=\"https:\/\/prague-segway-tours.com\/wp-content\/uploads\/2025\/11\/UberIM_006163-2-scaled-1-768x513.webp 768w, https:\/\/prague-segway-tours.com\/wp-content\/uploads\/2025\/11\/UberIM_006163-2-scaled-1-1024x684.webp 1024w, https:\/\/prague-segway-tours.com\/wp-content\/uploads\/2025\/11\/UberIM_006163-2-scaled-1-1536x1025.webp 1536w, https:\/\/prague-segway-tours.com\/wp-content\/uploads\/2025\/11\/UberIM_006163-2-scaled-1-2048x1367.webp 2048w, https:\/\/prague-segway-tours.com\/wp-content\/uploads\/2025\/11\/UberIM_006163-2-scaled-1-450x300.webp 450w, https:\/\/prague-segway-tours.com\/wp-content\/uploads\/2025\/11\/UberIM_006163-2-scaled-1-1170x781.webp 1170w\" \/><\/a>\n            \n\n                    <\/div>\n\n    <? endif; ?>\n\n\n\t<div class=\"content\">\n\t\n\t\t<div class=\"post-meta post-meta-b post-meta-left\"><div class=\"meta-above\"><span class=\"post-cat\">\n\t\t\t\t\t\t\n\t\t\t\t\t\t<a href=\"https:\/\/prague-segway-tours.com\/es\/category\/blog-es\/\" class=\"category\" rel=\"category\">Blog<\/a>\n\t\t\t\t\t<\/span>\n\t\t\t\t\t<\/div><h2 class=\"is-title post-title\"><a href=\"https:\/\/prague-segway-tours.com\/es\/blog-es\/aeropuerto-de-praga-al-centro-transporte-2026\/\">Aeropuerto de Praga al centro de la ciudad: Mejores opciones de transporte en 2026<\/a><\/h2><\/div>\t\t\n\t\t\n\t\t<div class=\"post-content post-excerpt cf \">\n\n\t\t\t<p>Los viajeros que llegan al Aeropuerto V\u00e1clav Havel suelen enfrentarse a la misma pregunta: c\u00f3mo llegar desde el aeropuerto de Praga al centro de&hellip;<\/p>\n\n\t\t<\/div>\n\n\t\t\n        \t\t\t\n\t\t\t\t<div class=\"post-footer\">\n\t\t\n\t\t\t\t\t\t\t<a href=\"https:\/\/prague-segway-tours.com\/es\/blog-es\/aeropuerto-de-praga-al-centro-transporte-2026\/\" class=\"read-more-link read-more-btn\">\n\t\t\t\t\tContinue Reading\t\t\t\t<\/a>\n\t\t\t\n\t\t\t\t\t\t\t\t\n\t\t<\/div>\n\t\t\t\t\n\t<\/div> <!-- .content -->\n\n\t\n\t\t\n<\/article>\t\t\t\t\t<\/div>\n\t\t\t\t\t\n\t\t\t\t\t\t\t\t\t\n\t\t\t\t\t\t\n\t\t\t\t\t\n\t\t\t\t\t\t\n\t\t\t\t\t\t\n\t\t\t\t\t\t\t\t\n\t\t\t\t\t<div class=\"col-12\">\n\t\t\t\t\t\t\n<?\n    $has_post_thumbnail = has_post_thumbnail();\n    if (!$has_post_thumbnail) {\n        $classes[] = \"thumbnail-empty\";\n    }\n?>\n\n<article id=\"post-17234\" class=\"list-post list-post-b\">\n\n    <? if( $has_post_thumbnail ) : ?>\n\n        <div class=\"post-thumb\">\n\n            <a href=\"https:\/\/prague-segway-tours.com\/es\/blog-es\/cosas-que-hacer-en-praga-con-ninos\/\" class=\"image-link media-ratio ar-cheerup-list-b\"><img loading=\"lazy\" decoding=\"async\" width=\"370\" height=\"305\" src=\"https:\/\/prague-segway-tours.com\/wp-content\/uploads\/2025\/10\/5-amazing-things-to-do-in-prague-with-kids-768x512.jpg\" class=\"attachment-cheerup-768 size-cheerup-768 wp-post-image\" alt=\"5 cosas incre\u00edbles que hacer en Praga con ni\u00f1os\" sizes=\"auto, (max-width: 370px) 100vw, 370px\" title=\"Las 5 mejores cosas que hacer en Praga con ni\u00f1os\" srcset=\"https:\/\/prague-segway-tours.com\/wp-content\/uploads\/2025\/10\/5-amazing-things-to-do-in-prague-with-kids-768x512.jpg 768w, https:\/\/prague-segway-tours.com\/wp-content\/uploads\/2025\/10\/5-amazing-things-to-do-in-prague-with-kids-1024x683.jpg 1024w, https:\/\/prague-segway-tours.com\/wp-content\/uploads\/2025\/10\/5-amazing-things-to-do-in-prague-with-kids-1536x1024.jpg 1536w, https:\/\/prague-segway-tours.com\/wp-content\/uploads\/2025\/10\/5-amazing-things-to-do-in-prague-with-kids-450x300.jpg 450w, https:\/\/prague-segway-tours.com\/wp-content\/uploads\/2025\/10\/5-amazing-things-to-do-in-prague-with-kids-1170x780.jpg 1170w, https:\/\/prague-segway-tours.com\/wp-content\/uploads\/2025\/10\/5-amazing-things-to-do-in-prague-with-kids.jpg 1920w\" \/><\/a>\n            \n\n                    <\/div>\n\n    <? endif; ?>\n\n\n\t<div class=\"content\">\n\t\n\t\t<div class=\"post-meta post-meta-b post-meta-left\"><div class=\"meta-above\"><span class=\"post-cat\">\n\t\t\t\t\t\t\n\t\t\t\t\t\t<a href=\"https:\/\/prague-segway-tours.com\/es\/category\/blog-es\/\" class=\"category\" rel=\"category\">Blog<\/a>\n\t\t\t\t\t<\/span>\n\t\t\t\t\t<\/div><h2 class=\"is-title post-title\"><a href=\"https:\/\/prague-segway-tours.com\/es\/blog-es\/cosas-que-hacer-en-praga-con-ninos\/\">Las 5 mejores cosas que hacer en Praga con ni\u00f1os<\/a><\/h2><\/div>\t\t\n\t\t\n\t\t<div class=\"post-content post-excerpt cf \">\n\n\t\t\t<p>[vc_row][vc_column][vc_column_text single_style=\u00bb\u00bb css=\u00bb\u00bb]\u00bfPlaneando un viaje familiar a Praga? La capital checa no solo ofrece castillos impresionantes y puentes rom\u00e1nticos, sino tambi\u00e9n atracciones divertidas, interactivas&hellip;<\/p>\n\n\t\t<\/div>\n\n\t\t\n        \t\t\t\n\t\t\t\t<div class=\"post-footer\">\n\t\t\n\t\t\t\t\t\t\t<a href=\"https:\/\/prague-segway-tours.com\/es\/blog-es\/cosas-que-hacer-en-praga-con-ninos\/\" class=\"read-more-link read-more-btn\">\n\t\t\t\t\tContinue Reading\t\t\t\t<\/a>\n\t\t\t\n\t\t\t\t\t\t\t\t\n\t\t<\/div>\n\t\t\t\t\n\t<\/div> <!-- .content -->\n\n\t\n\t\t\n<\/article>\t\t\t\t\t<\/div>\n\t\t\t\t\t\n\t\t\t\t\t\t\t\t\t\n\t\t\t\t\t\t\n\t\t\t\t\t\n\t\t\t\t\t\t\n\t\t\t\t\t\t\n\t\t\t\t\t\t\t\t\n\t\t\t\t\t<div class=\"col-12\">\n\t\t\t\t\t\t\n<?\n    $has_post_thumbnail = has_post_thumbnail();\n    if (!$has_post_thumbnail) {\n        $classes[] = \"thumbnail-empty\";\n    }\n?>\n\n<article id=\"post-16825\" class=\"list-post list-post-b\">\n\n    <? if( $has_post_thumbnail ) : ?>\n\n        <div class=\"post-thumb\">\n\n            <a href=\"https:\/\/prague-segway-tours.com\/es\/blog-es\/las-joyas-ocultas-de-praga\/\" class=\"image-link media-ratio ar-cheerup-list-b\"><img loading=\"lazy\" decoding=\"async\" width=\"370\" height=\"305\" src=\"https:\/\/prague-segway-tours.com\/wp-content\/uploads\/2024\/09\/pragues-hidden-gems-768x512.jpg\" class=\"attachment-cheerup-768 size-cheerup-768 wp-post-image\" alt=\"Tesoros ocultos de Praga\" sizes=\"auto, (max-width: 370px) 100vw, 370px\" title=\"Las joyas ocultas de Praga\" srcset=\"https:\/\/prague-segway-tours.com\/wp-content\/uploads\/2024\/09\/pragues-hidden-gems-768x512.jpg 768w, https:\/\/prague-segway-tours.com\/wp-content\/uploads\/2024\/09\/pragues-hidden-gems-1024x683.jpg 1024w, https:\/\/prague-segway-tours.com\/wp-content\/uploads\/2024\/09\/pragues-hidden-gems-1536x1024.jpg 1536w, https:\/\/prague-segway-tours.com\/wp-content\/uploads\/2024\/09\/pragues-hidden-gems-450x300.jpg 450w, https:\/\/prague-segway-tours.com\/wp-content\/uploads\/2024\/09\/pragues-hidden-gems-1170x780.jpg 1170w, https:\/\/prague-segway-tours.com\/wp-content\/uploads\/2024\/09\/pragues-hidden-gems.jpg 1920w\" \/><\/a>\n            \n\n                    <\/div>\n\n    <? endif; ?>\n\n\n\t<div class=\"content\">\n\t\n\t\t<div class=\"post-meta post-meta-b post-meta-left\"><div class=\"meta-above\"><span class=\"post-cat\">\n\t\t\t\t\t\t\n\t\t\t\t\t\t<a href=\"https:\/\/prague-segway-tours.com\/es\/category\/blog-es\/\" class=\"category\" rel=\"category\">Blog<\/a>\n\t\t\t\t\t<\/span>\n\t\t\t\t\t<\/div><h2 class=\"is-title post-title\"><a href=\"https:\/\/prague-segway-tours.com\/es\/blog-es\/las-joyas-ocultas-de-praga\/\">Las joyas ocultas de Praga<\/a><\/h2><\/div>\t\t\n\t\t\n\t\t<div class=\"post-content post-excerpt cf \">\n\n\t\t\t<p>Emb\u00e1rcate en un viaje extraordinario por la encantadora ciudad de Praga, guiado por nuestros expertos lugare\u00f1os que han llamado a esta ciudad su hogar&hellip;<\/p>\n\n\t\t<\/div>\n\n\t\t\n        \t\t\t\n\t\t\t\t<div class=\"post-footer\">\n\t\t\n\t\t\t\t\t\t\t<a href=\"https:\/\/prague-segway-tours.com\/es\/blog-es\/las-joyas-ocultas-de-praga\/\" class=\"read-more-link read-more-btn\">\n\t\t\t\t\tContinue Reading\t\t\t\t<\/a>\n\t\t\t\n\t\t\t\t\t\t\t\t\n\t\t<\/div>\n\t\t\t\t\n\t<\/div> <!-- .content -->\n\n\t\n\t\t\n<\/article>\t\t\t\t\t<\/div>\n\t\t\t\t\t\n\t\t\t\t\t\t\t\t\t\n\t\t\t\t\t\t\n\t\t\t\t\t\n\t\t\t\t\t\t\n\t\t\t\t\t\t\n\t\t\t\t\t\t\t\t\n\t\t\t\t\t<div class=\"col-12\">\n\t\t\t\t\t\t\n<?\n    $has_post_thumbnail = has_post_thumbnail();\n    if (!$has_post_thumbnail) {\n        $classes[] = \"thumbnail-empty\";\n    }\n?>\n\n<article id=\"post-13345\" class=\"list-post list-post-b\">\n\n    <? if( $has_post_thumbnail ) : ?>\n\n        <div class=\"post-thumb\">\n\n            <a href=\"https:\/\/prague-segway-tours.com\/es\/blog-es\/la-guia-definitiva-para-dejar-propina-en-praga\/\" class=\"image-link media-ratio ar-cheerup-list-b\"><img loading=\"lazy\" decoding=\"async\" width=\"370\" height=\"305\" src=\"https:\/\/prague-segway-tours.com\/wp-content\/uploads\/2023\/03\/monuments-prague-768x512.jpg\" class=\"attachment-cheerup-768 size-cheerup-768 wp-post-image\" alt=\"Monuments of Prague\" sizes=\"auto, (max-width: 370px) 100vw, 370px\" title=\"La gu\u00eda definitiva para dejar propina en Praga\" srcset=\"https:\/\/prague-segway-tours.com\/wp-content\/uploads\/2023\/03\/monuments-prague-768x512.jpg 768w, https:\/\/prague-segway-tours.com\/wp-content\/uploads\/2023\/03\/monuments-prague-1024x683.jpg 1024w, https:\/\/prague-segway-tours.com\/wp-content\/uploads\/2023\/03\/monuments-prague-1536x1024.jpg 1536w, https:\/\/prague-segway-tours.com\/wp-content\/uploads\/2023\/03\/monuments-prague-450x300.jpg 450w, https:\/\/prague-segway-tours.com\/wp-content\/uploads\/2023\/03\/monuments-prague-1170x780.jpg 1170w, https:\/\/prague-segway-tours.com\/wp-content\/uploads\/2023\/03\/monuments-prague.jpg 1920w\" \/><\/a>\n            \n\n                    <\/div>\n\n    <? endif; ?>\n\n\n\t<div class=\"content\">\n\t\n\t\t<div class=\"post-meta post-meta-b post-meta-left\"><div class=\"meta-above\"><span class=\"post-cat\">\n\t\t\t\t\t\t\n\t\t\t\t\t\t<a href=\"https:\/\/prague-segway-tours.com\/es\/category\/blog-es\/\" class=\"category\" rel=\"category\">Blog<\/a>\n\t\t\t\t\t<\/span>\n\t\t\t\t\t<\/div><h2 class=\"is-title post-title\"><a href=\"https:\/\/prague-segway-tours.com\/es\/blog-es\/la-guia-definitiva-para-dejar-propina-en-praga\/\">La gu\u00eda definitiva para dejar propina en Praga<\/a><\/h2><\/div>\t\t\n\t\t\n\t\t<div class=\"post-content post-excerpt cf \">\n\n\t\t\t<p>A la hora de viajar, las costumbres en materia de propinas pueden resultar confusas e intimidatorias. En Praga, la capital de la Rep\u00fablica Checa,&hellip;<\/p>\n\n\t\t<\/div>\n\n\t\t\n        \t\t\t\n\t\t\t\t<div class=\"post-footer\">\n\t\t\n\t\t\t\t\t\t\t<a href=\"https:\/\/prague-segway-tours.com\/es\/blog-es\/la-guia-definitiva-para-dejar-propina-en-praga\/\" class=\"read-more-link read-more-btn\">\n\t\t\t\t\tContinue Reading\t\t\t\t<\/a>\n\t\t\t\n\t\t\t\t\t\t\t\t\n\t\t<\/div>\n\t\t\t\t\n\t<\/div> <!-- .content -->\n\n\t\n\t\t\n<\/article>\t\t\t\t\t<\/div>\n\t\t\t\t\t\n\t\t\t\t\t\t\t\t\t\n\t\t\t\t\t\t\n\t\t\t\t\t\n\t\t\t\t\t\t\n\t\t\t\t\t\t\n\t\t\t\t\t\t\t\t\n\t\t\t\t\t<div class=\"col-12\">\n\t\t\t\t\t\t\n<?\n    $has_post_thumbnail = has_post_thumbnail();\n    if (!$has_post_thumbnail) {\n        $classes[] = \"thumbnail-empty\";\n    }\n?>\n\n<article id=\"post-12930\" class=\"list-post list-post-b\">\n\n    <? if( $has_post_thumbnail ) : ?>\n\n        <div class=\"post-thumb\">\n\n            <a href=\"https:\/\/prague-segway-tours.com\/es\/blog-es\/que-hacer-en-praga-las-20-mejores-actividades\/\" class=\"image-link media-ratio ar-cheerup-list-b\"><img loading=\"lazy\" decoding=\"async\" width=\"370\" height=\"305\" src=\"https:\/\/prague-segway-tours.com\/wp-content\/uploads\/2023\/03\/prague-768x512.jpg\" class=\"attachment-cheerup-768 size-cheerup-768 wp-post-image\" alt=\"What to do in Prague\" sizes=\"auto, (max-width: 370px) 100vw, 370px\" title=\"Qu\u00e9 hacer en Praga &#8211; Las 20 mejores actividades\" srcset=\"https:\/\/prague-segway-tours.com\/wp-content\/uploads\/2023\/03\/prague-768x512.jpg 768w, https:\/\/prague-segway-tours.com\/wp-content\/uploads\/2023\/03\/prague-1024x683.jpg 1024w, https:\/\/prague-segway-tours.com\/wp-content\/uploads\/2023\/03\/prague-1536x1024.jpg 1536w, https:\/\/prague-segway-tours.com\/wp-content\/uploads\/2023\/03\/prague-450x300.jpg 450w, https:\/\/prague-segway-tours.com\/wp-content\/uploads\/2023\/03\/prague-1170x780.jpg 1170w, https:\/\/prague-segway-tours.com\/wp-content\/uploads\/2023\/03\/prague.jpg 1980w\" \/><\/a>\n            \n\n                    <\/div>\n\n    <? endif; ?>\n\n\n\t<div class=\"content\">\n\t\n\t\t<div class=\"post-meta post-meta-b post-meta-left\"><div class=\"meta-above\"><span class=\"post-cat\">\n\t\t\t\t\t\t\n\t\t\t\t\t\t<a href=\"https:\/\/prague-segway-tours.com\/es\/category\/blog-es\/\" class=\"category\" rel=\"category\">Blog<\/a>\n\t\t\t\t\t<\/span>\n\t\t\t\t\t<\/div><h2 class=\"is-title post-title\"><a href=\"https:\/\/prague-segway-tours.com\/es\/blog-es\/que-hacer-en-praga-las-20-mejores-actividades\/\">Qu\u00e9 hacer en Praga &#8211; Las 20 mejores actividades<\/a><\/h2><\/div>\t\t\n\t\t\n\t\t<div class=\"post-content post-excerpt cf \">\n\n\t\t\t<p>\u00bfAlguna vez se ha preguntado qu\u00e9 hacer en Praga? No es de extra\u00f1ar que la capital de la Rep\u00fablica Checa sea una de las&hellip;<\/p>\n\n\t\t<\/div>\n\n\t\t\n        \t\t\t\n\t\t\t\t<div class=\"post-footer\">\n\t\t\n\t\t\t\t\t\t\t<a href=\"https:\/\/prague-segway-tours.com\/es\/blog-es\/que-hacer-en-praga-las-20-mejores-actividades\/\" class=\"read-more-link read-more-btn\">\n\t\t\t\t\tContinue Reading\t\t\t\t<\/a>\n\t\t\t\n\t\t\t\t\t\t\t\t\n\t\t<\/div>\n\t\t\t\t\n\t<\/div> <!-- .content -->\n\n\t\n\t\t\n<\/article>\t\t\t\t\t<\/div>\n\t\t\t\t\t\n\t\t\t\t\t\t\t\t\t\n\t\t\t\t\t\t\n\t\t\t\t\n\t\t<\/div>\n\t<\/div>\n\t\n\t\n\t\n\n\t<nav class=\"main-pagination number\">\n\t\t\n\t\t\t\t\n\t\t\t\t\n\t\t<div class=\"inner\">\n\t\t\t<span class=\"page-numbers label-prev\"><span class=\"disabled\"><i class=\"tsi tsi-long-arrow-left\"><\/i>Previous<\/span><\/span><span aria-current=\"page\" class=\"page-numbers current\">1<\/span>\n<a class=\"page-numbers\" href=\"https:\/\/prague-segway-tours.com\/es\/wp-json\/wp\/v2\/pages\/2873\/page\/2\/\">2<\/a>\n<a class=\"page-numbers\" href=\"https:\/\/prague-segway-tours.com\/es\/wp-json\/wp\/v2\/pages\/2873\/page\/3\/\">3<\/a>\n<span class=\"page-numbers dots\">&hellip;<\/span>\n<a class=\"page-numbers\" href=\"https:\/\/prague-segway-tours.com\/es\/wp-json\/wp\/v2\/pages\/2873\/page\/6\/\">6<\/a><span class=\"page-numbers label-next\"><a href=\"https:\/\/prague-segway-tours.com\/es\/wp-json\/wp\/v2\/pages\/2873\/page\/2\/\" >Next<i class=\"tsi tsi-long-arrow-right\"><\/i><\/a><\/span>\t\t<\/div>\n\t\t\n\t\t\t\t\n\t<\/nav>\n\n\n\t\t<\/div>\n\t\n\t<\/section>\n\n[\/vc_column][\/vc_row]<\/p>\n<\/div>","protected":false},"excerpt":{"rendered":"<p>[vc_row][vc_column][\/vc_column][\/vc_row]<\/p>\n","protected":false},"author":1,"featured_media":0,"parent":0,"menu_order":0,"comment_status":"closed","ping_status":"closed","template":"page-blocks.php","meta":{"_acf_changed":false,"_joinchat":[],"footnotes":""},"class_list":["post-2873","page","type-page","status-publish"],"acf":[],"_links":{"self":[{"href":"https:\/\/prague-segway-tours.com\/es\/wp-json\/wp\/v2\/pages\/2873","targetHints":{"allow":["GET"]}}],"collection":[{"href":"https:\/\/prague-segway-tours.com\/es\/wp-json\/wp\/v2\/pages"}],"about":[{"href":"https:\/\/prague-segway-tours.com\/es\/wp-json\/wp\/v2\/types\/page"}],"author":[{"embeddable":true,"href":"https:\/\/prague-segway-tours.com\/es\/wp-json\/wp\/v2\/users\/1"}],"replies":[{"embeddable":true,"href":"https:\/\/prague-segway-tours.com\/es\/wp-json\/wp\/v2\/comments?post=2873"}],"version-history":[{"count":3,"href":"https:\/\/prague-segway-tours.com\/es\/wp-json\/wp\/v2\/pages\/2873\/revisions"}],"predecessor-version":[{"id":9655,"href":"https:\/\/prague-segway-tours.com\/es\/wp-json\/wp\/v2\/pages\/2873\/revisions\/9655"}],"wp:attachment":[{"href":"https:\/\/prague-segway-tours.com\/es\/wp-json\/wp\/v2\/media?parent=2873"}],"curies":[{"name":"wp","href":"https:\/\/api.w.org\/{rel}","templated":true}]}}