{"id":2860,"date":"2020-08-31T18:04:52","date_gmt":"2020-08-31T16:04:52","guid":{"rendered":"https:\/\/prague-segway-tours.com\/preguntas-frecuentes\/"},"modified":"2020-09-18T13:27:22","modified_gmt":"2020-09-18T11:27:22","slug":"preguntas-frecuentes","status":"publish","type":"page","link":"https:\/\/prague-segway-tours.com\/es\/preguntas-frecuentes\/","title":{"rendered":"Preguntas frecuentes"},"content":{"rendered":"<div class=\"wpb-content-wrapper\"><p>[vc_row][vc_column][vc_toggle title=\u00bb\u00bfCu\u00e1l es el tama\u00f1o del tour en grupo \/ tour privado?\u00bb style=\u00bbsquare_outline\u00bb open=\u00bbtrue\u00bb]El tour en grupo est\u00e1 limitado a 8 personas y un gu\u00eda. Si hay m\u00e1s de 6-8 personas, el grupo se dividir\u00e1 en subgrupos m\u00e1s peque\u00f1os de 6-8 personas cada uno. El tour privado es solo para su grupo y un gu\u00eda. Nadie se unir\u00e1 a su recorrido.[\/vc_toggle][vc_toggle title=\u00bb\u00bfCu\u00e1l es el l\u00edmite de edad para montar en segway en su empresa?\u00bb style=\u00bbsquare_outline\u00bb open=\u00bbtrue\u00bb]No proporcionamos los tours para ni\u00f1os menores de 8 a\u00f1os.[\/vc_toggle][vc_toggle title=\u00bb\u00bfCu\u00e1l es el l\u00edmite de peso para montar en segway en su empresa?\u00bb style=\u00bbsquare_outline\u00bb open=\u00bbtrue\u00bb]No proporcionamos los tours para personas con un peso menor a 30 kg (65 libras) y m\u00e1s de 160 kg (350 libras).[\/vc_toggle][vc_toggle title=\u00bb\u00bfQu\u00e9 est\u00e1 incluido en el precio del tour?\u00bb style=\u00bbsquare_outline\u00bb open=\u00bbtrue\u00bb]El precio del tour incluye gu\u00eda, casco de seguridad, impermeable \/ guantes o bufandas (si es necesario) y bebida gratis.[\/vc_toggle][vc_toggle title=\u00bb\u00bfPodemos solicitar nuestro recorrido con el gu\u00eda que hable alg\u00fan otro idioma: alem\u00e1n, franc\u00e9s, italiano, espa\u00f1ol, ruso, etc.?\u00bb style=\u00bbsquare_outline\u00bb open=\u00bbtrue\u00bb]S\u00ed, podemos ofrecer tours en otros idiomas como opci\u00f3n de Tour Privado. En caso de que elija una opci\u00f3n de minigrupo, la gu\u00eda seguramente hablar\u00e1 ingl\u00e9s, pero puede enviar una consulta y, si es posible, le proporcionaremos una gu\u00eda en varios idiomas.[\/vc_toggle][vc_toggle title=\u00bb\u00bfQui\u00e9n no puede viajar en segway?\u00bb style=\u00bbsquare_outline\u00bb open=\u00bbtrue\u00bb]Las mujeres embarazadas y todas las personas que consuman alcohol o drogas no pueden viajar en segway.[\/vc_toggle][vc_toggle title=\u00bb\u00bfTenemos que firmar una declaraci\u00f3n de responsabilidad?\u00bb style=\u00bbsquare_outline\u00bb open=\u00bbtrue\u00bb]Si tu puedes. Antes de cada recorrido, debe leer y firmar \u00abT\u00e9rminos y condiciones de alquiler\u00bb. [\/vc_toggle][vc_toggle title=\u00bb\u00bfRecibir\u00e9 una confirmaci\u00f3n de mi reserva?\u00bb style=\u00bbsquare_outline\u00bb open=\u00bbtrue\u00bb]S\u00ed, recibir\u00e1 un correo electr\u00f3nico de \u00abconfirmaci\u00f3n de reserva\u00bb con todos los detalles de su reserva inmediatamente.[\/vc_toggle][vc_toggle title=\u00bb\u00bfC\u00f3mo puedo pagar un tour en segway cuando completo una reserva?\u00bb style=\u00bbsquare_outline\u00bb open=\u00bbtrue\u00bb]Cuando finalice la reserva del tour, recibiras una solicitud de pago del dep\u00f3sito. Se espera que el monto restante se pague en nuestra oficina antes del inicio del recorrido. Aceptamos efectivo CZK, EUR, USD o tarjetas de cr\u00e9dito a trav\u00e9s de PayPal.[\/vc_toggle][vc_toggle title=\u00bb\u00bfCu\u00e1les son las pol\u00edticas de cancelaci\u00f3n y reembolso de su empresa?\u00bb style=\u00bbsquare_outline\u00bb open=\u00bbtrue\u00bb]Si debe cambiar o cancelar su recorrido, comun\u00edquese con nosotros 48 horas antes de la hora programada del recorrido. En ese caso, devolvemos el importe total del anticipo.[\/vc_toggle][vc_toggle title=\u00bb\u00bfRealizan bajo la lluvia?\u00bb style=\u00bbsquare_outline\u00bb open=\u00bbtrue\u00bb]S\u00ed. La lluvia ligera no es la raz\u00f3n para cancelar el tour. En caso de lluvia intensa o superficie helada (durante el invierno), devolvemos el monto total del pago por adelantado o intentamos encontrar una fecha y hora alternativas para su tour.[\/vc_toggle][vc_toggle title=\u00bb\u00bfEs necesario reservar un recorrido con anticipaci\u00f3n o podemos hacerlo caminando hasta su oficina?\u00bb style=\u00bbsquare_outline\u00bb open=\u00bbtrue\u00bb]Recomendamos reservar su recorrido con anticipaci\u00f3n para asegurar sus lugares, especialmente durante la temporada de verano.[\/vc_toggle][vc_toggle title=\u00bbNunca antes hab\u00eda montado un segway. \u00bfEs f\u00e1cil o deber\u00eda tener miedo?\u00bb style=\u00bbsquare_outline\u00bb open=\u00bbtrue\u00bb]\u00a1S\u00ed, es muy f\u00e1cil y divertido! \ud83d\ude42 Obtendras una introducci\u00f3n completa y capacitaci\u00f3n sobre c\u00f3mo conducir en segway y qu\u00e9 reglas es necesario seguir, antes de que comience tu experiencia segway. Tan pronto como la m\u00e1quina se conecta con tu vibra, la conducci\u00f3n se vuelve suave e intuitiva &#8230;[\/vc_toggle][vc_toggle title=\u00bb\u00bfD\u00f3nde est\u00e1 el punto de partida de sus recorridos?\u00bb style=\u00bbsquare_outline\u00bb open=\u00bbtrue\u00bb]Est\u00e1 en nuestra oficina: Praga Segway Tours, plaza Maltezske 479\/7, Praga 11800, Mala Strana.<br \/>\nNos puede encontrar a pocos pasos del Puente de Carlos; La puerta de al lado de la embajada japonesa.[\/vc_toggle][\/vc_column][\/vc_row][vc_row full_width=\u00bbstretch_row_content_no_spaces\u00bb][vc_column]\n\t<section class=\"cf block ts_slider\" data-id=\"p-1\">\n\t\n\t\t\n\t\t\t\t\n\t\t\t<h4 class=\"block-head block-head-legacy\">\n\t\t\t\t<span class=\"title\">Tours<\/span>\n\t\t\t<\/h4>\n\t\t\n\t\t\t\t\n\t\t\t\t\n\t\t<div class=\"block-content\">\n\t\t\t\n\t<section class=\"common-slider carousel-slider ts-contain\">\n\t<div class=\"wrap\">\n\t\t<div class=\"slides tour-slides tour-slides--6\" data-slider=\"carousel\" data-autoplay=\"1\" data-speed=\"4000\" data-parallax>\n\t\t\n\t\t\t\n                \t\t\n\t\t\t\t<div class=\"item common-slider-tour-item\">\n\n\t\t\t\t\t<a href=\"https:\/\/prague-segway-tours.com\/es\/segway-tours-es\/tour-en-segway-por-la-naturaleza-en-los-canones-de-praga\/\" class=\"image-link media-ratio ratio-1-1\"><img loading=\"lazy\" decoding=\"async\" width=\"370\" height=\"370\" src=\"https:\/\/prague-segway-tours.com\/wp-content\/uploads\/2020\/06\/prague-canyon-private-tour-768x512.jpg\" class=\"attachment-cheerup-768 size-cheerup-768 wp-post-image\" alt=\"Excursi\u00f3n privada al Ca\u00f1\u00f3n de Praga\" sizes=\"auto, (max-width: 370px) 100vw, 370px\" title=\"Tour en segway por los ca\u00f1ones de Praga\" srcset=\"https:\/\/prague-segway-tours.com\/wp-content\/uploads\/2020\/06\/prague-canyon-private-tour-768x512.jpg 768w, https:\/\/prague-segway-tours.com\/wp-content\/uploads\/2020\/06\/prague-canyon-private-tour-1024x683.jpg 1024w, https:\/\/prague-segway-tours.com\/wp-content\/uploads\/2020\/06\/prague-canyon-private-tour-1536x1024.jpg 1536w, https:\/\/prague-segway-tours.com\/wp-content\/uploads\/2020\/06\/prague-canyon-private-tour-450x300.jpg 450w, https:\/\/prague-segway-tours.com\/wp-content\/uploads\/2020\/06\/prague-canyon-private-tour-1170x780.jpg 1170w, https:\/\/prague-segway-tours.com\/wp-content\/uploads\/2020\/06\/prague-canyon-private-tour.jpg 1920w\" \/><\/a>\n                    \t\t\t\t\t\n\t\t\t\t\t<div class=\"overlay cf\">\n\n<!--\t\t\t\t\t\t-->                        <span class=\"category\">Segway Tours<\/span>\n\t\t\t\t\t\t\t\n\t\t\t\t\t\t<h2 class=\"heading\"><a href=\"https:\/\/prague-segway-tours.com\/es\/segway-tours-es\/tour-en-segway-por-la-naturaleza-en-los-canones-de-praga\/\">Tour en segway por los ca\u00f1ones de Praga<\/a><\/h2>\n\n                        <div class=\"common-slider-tour-meta\"><div class=\"common-slider-tour-meta__item\"><span class=\"common-slider-tour-meta__meta\">Duraci\u00f3n: <\/span><span class=\"common-slider-tour-meta__value\">180 min<\/span><\/div><div class=\"common-slider-tour-meta__item\"><span class=\"common-slider-tour-meta__meta\">Idioma del gu\u00eda: <\/span><span class=\"common-slider-tour-meta__value\">EN, DE, ES, RU<\/span><\/div><div class=\"common-slider-tour-meta__item\"><span class=\"common-slider-tour-meta__meta\">Precio desde: <\/span><span class=\"common-slider-tour-meta__value\">\u20ac 120 \/ 3000 K\u010d<\/span><\/div><\/div>\t\t\t\t\t\t\n\t\t\t\t\t<\/div>\n\t\t\t\t\t\n\t\t\t\t<\/div>\n\t\t\t\t\n\t\t\t\n                \t\t\n\t\t\t\t<div class=\"item common-slider-tour-item\">\n\n\t\t\t\t\t<a href=\"https:\/\/prague-segway-tours.com\/es\/2-in-one-segway-escooter-es\/gran-tour-de-medio-dia-en-e-scooter-y-segway\/\" class=\"image-link media-ratio ratio-1-1\"><img loading=\"lazy\" decoding=\"async\" width=\"370\" height=\"370\" src=\"https:\/\/prague-segway-tours.com\/wp-content\/uploads\/2020\/02\/tour_img-1316132-145-768x509.jpg\" class=\"attachment-cheerup-768 size-cheerup-768 wp-post-image\" alt=\"Tour en scooter por Praga\" sizes=\"auto, (max-width: 370px) 100vw, 370px\" title=\"Gran tour de medio d\u00eda en e-scooter y segway\" srcset=\"https:\/\/prague-segway-tours.com\/wp-content\/uploads\/2020\/02\/tour_img-1316132-145-768x509.jpg 768w, https:\/\/prague-segway-tours.com\/wp-content\/uploads\/2020\/02\/tour_img-1316132-145.jpg 960w\" \/><\/a>\n                    \t\t\t\t\t\n\t\t\t\t\t<div class=\"overlay cf\">\n\n<!--\t\t\t\t\t\t-->                        <span class=\"category\">Segway Tours<\/span>\n\t\t\t\t\t\t\t\n\t\t\t\t\t\t<h2 class=\"heading\"><a href=\"https:\/\/prague-segway-tours.com\/es\/2-in-one-segway-escooter-es\/gran-tour-de-medio-dia-en-e-scooter-y-segway\/\">Gran tour de medio d\u00eda en e-scooter y segway<\/a><\/h2>\n\n                        <div class=\"common-slider-tour-meta\"><div class=\"common-slider-tour-meta__item\"><span class=\"common-slider-tour-meta__meta\">Duraci\u00f3n: <\/span><span class=\"common-slider-tour-meta__value\">240 min<\/span><\/div><div class=\"common-slider-tour-meta__item\"><span class=\"common-slider-tour-meta__meta\">Idioma del gu\u00eda: <\/span><span class=\"common-slider-tour-meta__value\">EN, DE, ES, RU<\/span><\/div><div class=\"common-slider-tour-meta__item\"><span class=\"common-slider-tour-meta__meta\">Precio desde: <\/span><span class=\"common-slider-tour-meta__value\">\u20ac 89 \/ 2250 K\u010d<\/span><\/div><\/div>\t\t\t\t\t\t\n\t\t\t\t\t<\/div>\n\t\t\t\t\t\n\t\t\t\t<\/div>\n\t\t\t\t\n\t\t\t\n                \t\t\n\t\t\t\t<div class=\"item common-slider-tour-item\">\n\n\t\t\t\t\t<a href=\"https:\/\/prague-segway-tours.com\/es\/2-in-one-segway-escooter-es\/tour-doble-en-e-scooter-y-segway\/\" class=\"image-link media-ratio ratio-1-1\"><img loading=\"lazy\" decoding=\"async\" width=\"370\" height=\"370\" src=\"https:\/\/prague-segway-tours.com\/wp-content\/uploads\/2020\/03\/prague-bridges-view-point-768x512.jpg\" class=\"attachment-cheerup-768 size-cheerup-768 wp-post-image\" alt=\"Mirador de los puentes de Praga\" sizes=\"auto, (max-width: 370px) 100vw, 370px\" title=\"Tour doble en e-scooter y segway\" srcset=\"https:\/\/prague-segway-tours.com\/wp-content\/uploads\/2020\/03\/prague-bridges-view-point-768x512.jpg 768w, https:\/\/prague-segway-tours.com\/wp-content\/uploads\/2020\/03\/prague-bridges-view-point-1024x683.jpg 1024w, https:\/\/prague-segway-tours.com\/wp-content\/uploads\/2020\/03\/prague-bridges-view-point-1536x1024.jpg 1536w, https:\/\/prague-segway-tours.com\/wp-content\/uploads\/2020\/03\/prague-bridges-view-point-450x300.jpg 450w, https:\/\/prague-segway-tours.com\/wp-content\/uploads\/2020\/03\/prague-bridges-view-point-1170x780.jpg 1170w, https:\/\/prague-segway-tours.com\/wp-content\/uploads\/2020\/03\/prague-bridges-view-point.jpg 1920w\" \/><\/a>\n                    \t\t\t\t\t\n\t\t\t\t\t<div class=\"overlay cf\">\n\n<!--\t\t\t\t\t\t-->                        <span class=\"category\">Segway Tours<\/span>\n\t\t\t\t\t\t\t\n\t\t\t\t\t\t<h2 class=\"heading\"><a href=\"https:\/\/prague-segway-tours.com\/es\/2-in-one-segway-escooter-es\/tour-doble-en-e-scooter-y-segway\/\">Tour doble en e-scooter y segway<\/a><\/h2>\n\n                        <div class=\"common-slider-tour-meta\"><div class=\"common-slider-tour-meta__item\"><span class=\"common-slider-tour-meta__meta\">Duraci\u00f3n: <\/span><span class=\"common-slider-tour-meta__value\">180 min<\/span><\/div><div class=\"common-slider-tour-meta__item\"><span class=\"common-slider-tour-meta__meta\">Idioma del gu\u00eda: <\/span><span class=\"common-slider-tour-meta__value\">EN, DE, ES, RU<\/span><\/div><div class=\"common-slider-tour-meta__item\"><span class=\"common-slider-tour-meta__meta\">Precio desde: <\/span><span class=\"common-slider-tour-meta__value\">\u20ac 89 <\/span><\/div><\/div>\t\t\t\t\t\t\n\t\t\t\t\t<\/div>\n\t\t\t\t\t\n\t\t\t\t<\/div>\n\t\t\t\t\n\t\t\t\n                \t\t\n\t\t\t\t<div class=\"item common-slider-tour-item\">\n\n\t\t\t\t\t<a href=\"https:\/\/prague-segway-tours.com\/es\/electric-scooter-tours-es\/gran-tour-de-praga\/\" class=\"image-link media-ratio ratio-1-1\"><img loading=\"lazy\" decoding=\"async\" width=\"370\" height=\"370\" src=\"https:\/\/prague-segway-tours.com\/wp-content\/uploads\/2020\/02\/franz-kafka-head-768x512.jpg\" class=\"attachment-cheerup-768 size-cheerup-768 wp-post-image\" alt=\"Escultura de la cabeza de Franz Kafka\" sizes=\"auto, (max-width: 370px) 100vw, 370px\" title=\"Gran tour de Praga\" srcset=\"https:\/\/prague-segway-tours.com\/wp-content\/uploads\/2020\/02\/franz-kafka-head-768x512.jpg 768w, https:\/\/prague-segway-tours.com\/wp-content\/uploads\/2020\/02\/franz-kafka-head-1024x683.jpg 1024w, https:\/\/prague-segway-tours.com\/wp-content\/uploads\/2020\/02\/franz-kafka-head-1536x1024.jpg 1536w, https:\/\/prague-segway-tours.com\/wp-content\/uploads\/2020\/02\/franz-kafka-head-450x300.jpg 450w, https:\/\/prague-segway-tours.com\/wp-content\/uploads\/2020\/02\/franz-kafka-head-1170x780.jpg 1170w, https:\/\/prague-segway-tours.com\/wp-content\/uploads\/2020\/02\/franz-kafka-head.jpg 1920w\" \/><\/a>\n                    \t\t\t\t\t\n\t\t\t\t\t<div class=\"overlay cf\">\n\n<!--\t\t\t\t\t\t-->                        <span class=\"category\">Electric Scooter Tours<\/span>\n\t\t\t\t\t\t\t\n\t\t\t\t\t\t<h2 class=\"heading\"><a href=\"https:\/\/prague-segway-tours.com\/es\/electric-scooter-tours-es\/gran-tour-de-praga\/\">Gran tour de Praga<\/a><\/h2>\n\n                        <div class=\"common-slider-tour-meta\"><div class=\"common-slider-tour-meta__item\"><span class=\"common-slider-tour-meta__meta\">Duraci\u00f3n: <\/span><span class=\"common-slider-tour-meta__value\">180 min<\/span><\/div><div class=\"common-slider-tour-meta__item\"><span class=\"common-slider-tour-meta__meta\">Idioma del gu\u00eda: <\/span><span class=\"common-slider-tour-meta__value\">EN\/ DE\/ ES\/ RU\/ FR<\/span><\/div><div class=\"common-slider-tour-meta__item\"><span class=\"common-slider-tour-meta__meta\">Precio desde: <\/span><span class=\"common-slider-tour-meta__value\">\u20ac 79 \/ 1900 K\u010d (the lowest price in low season)<\/span><\/div><\/div>\t\t\t\t\t\t\n\t\t\t\t\t<\/div>\n\t\t\t\t\t\n\t\t\t\t<\/div>\n\t\t\t\t\n\t\t\t\n                \t\t\n\t\t\t\t<div class=\"item common-slider-tour-item\">\n\n\t\t\t\t\t<a href=\"https:\/\/prague-segway-tours.com\/es\/electric-scooter-tours-es\/miradores-de-escooter\/\" class=\"image-link media-ratio ratio-1-1\"><img loading=\"lazy\" decoding=\"async\" width=\"370\" height=\"370\" src=\"https:\/\/prague-segway-tours.com\/wp-content\/uploads\/2020\/02\/park-ebike-prague-tour-768x512.jpg\" class=\"attachment-cheerup-768 size-cheerup-768 wp-post-image\" alt=\"Tour en scooter el\u00e9ctrico por Praga\" sizes=\"auto, (max-width: 370px) 100vw, 370px\" title=\"Tour por los miradores en eScooter\" srcset=\"https:\/\/prague-segway-tours.com\/wp-content\/uploads\/2020\/02\/park-ebike-prague-tour-768x512.jpg 768w, https:\/\/prague-segway-tours.com\/wp-content\/uploads\/2020\/02\/park-ebike-prague-tour-1024x683.jpg 1024w, https:\/\/prague-segway-tours.com\/wp-content\/uploads\/2020\/02\/park-ebike-prague-tour-1536x1024.jpg 1536w, https:\/\/prague-segway-tours.com\/wp-content\/uploads\/2020\/02\/park-ebike-prague-tour-450x300.jpg 450w, https:\/\/prague-segway-tours.com\/wp-content\/uploads\/2020\/02\/park-ebike-prague-tour-1170x780.jpg 1170w, https:\/\/prague-segway-tours.com\/wp-content\/uploads\/2020\/02\/park-ebike-prague-tour.jpg 1920w\" \/><\/a>\n                    \t\t\t\t\t\n\t\t\t\t\t<div class=\"overlay cf\">\n\n<!--\t\t\t\t\t\t-->                        <span class=\"category\">Electric Scooter Tours<\/span>\n\t\t\t\t\t\t\t\n\t\t\t\t\t\t<h2 class=\"heading\"><a href=\"https:\/\/prague-segway-tours.com\/es\/electric-scooter-tours-es\/miradores-de-escooter\/\">Tour por los miradores en eScooter<\/a><\/h2>\n\n                        <div class=\"common-slider-tour-meta\"><div class=\"common-slider-tour-meta__item\"><span class=\"common-slider-tour-meta__meta\">Duraci\u00f3n: <\/span><span class=\"common-slider-tour-meta__value\">120 min<\/span><\/div><div class=\"common-slider-tour-meta__item\"><span class=\"common-slider-tour-meta__meta\">Idioma del gu\u00eda: <\/span><span class=\"common-slider-tour-meta__value\">EN, DE, ES, RU<\/span><\/div><div class=\"common-slider-tour-meta__item\"><span class=\"common-slider-tour-meta__meta\">Precio desde: <\/span><span class=\"common-slider-tour-meta__value\">\u20ac 58 \/ 1450 K\u010d<\/span><\/div><\/div>\t\t\t\t\t\t\n\t\t\t\t\t<\/div>\n\t\t\t\t\t\n\t\t\t\t<\/div>\n\t\t\t\t\n\t\t\t\n                \t\t\n\t\t\t\t<div class=\"item common-slider-tour-item\">\n\n\t\t\t\t\t<a href=\"https:\/\/prague-segway-tours.com\/es\/segway-tours-es\/tour-de-la-cerveza-doble-monasterio\/\" class=\"image-link media-ratio ratio-1-1\"><img loading=\"lazy\" decoding=\"async\" width=\"370\" height=\"370\" src=\"https:\/\/prague-segway-tours.com\/wp-content\/uploads\/2020\/02\/strahov-brewery-fun-tour-768x512.jpg\" class=\"attachment-cheerup-768 size-cheerup-768 wp-post-image\" alt=\"Tour por una cervecer\u00eda en Segway en Praga\" sizes=\"auto, (max-width: 370px) 100vw, 370px\" title=\"Tour de la cerveza doble monasterio\" srcset=\"https:\/\/prague-segway-tours.com\/wp-content\/uploads\/2020\/02\/strahov-brewery-fun-tour-768x512.jpg 768w, https:\/\/prague-segway-tours.com\/wp-content\/uploads\/2020\/02\/strahov-brewery-fun-tour-1024x683.jpg 1024w, https:\/\/prague-segway-tours.com\/wp-content\/uploads\/2020\/02\/strahov-brewery-fun-tour-1536x1024.jpg 1536w, https:\/\/prague-segway-tours.com\/wp-content\/uploads\/2020\/02\/strahov-brewery-fun-tour-450x300.jpg 450w, https:\/\/prague-segway-tours.com\/wp-content\/uploads\/2020\/02\/strahov-brewery-fun-tour-1170x780.jpg 1170w, https:\/\/prague-segway-tours.com\/wp-content\/uploads\/2020\/02\/strahov-brewery-fun-tour.jpg 1920w\" \/><\/a>\n                    \t\t\t\t\t\n\t\t\t\t\t<div class=\"overlay cf\">\n\n<!--\t\t\t\t\t\t-->                        <span class=\"category\">Segway Tours<\/span>\n\t\t\t\t\t\t\t\n\t\t\t\t\t\t<h2 class=\"heading\"><a href=\"https:\/\/prague-segway-tours.com\/es\/segway-tours-es\/tour-de-la-cerveza-doble-monasterio\/\">Tour de la cerveza doble monasterio<\/a><\/h2>\n\n                        <div class=\"common-slider-tour-meta\"><div class=\"common-slider-tour-meta__item\"><span class=\"common-slider-tour-meta__meta\">Duraci\u00f3n: <\/span><span class=\"common-slider-tour-meta__value\">180 min<\/span><\/div><div class=\"common-slider-tour-meta__item\"><span class=\"common-slider-tour-meta__meta\">Idioma del gu\u00eda: <\/span><span class=\"common-slider-tour-meta__value\">EN, DE, ES, RU<\/span><\/div><div class=\"common-slider-tour-meta__item\"><span class=\"common-slider-tour-meta__meta\">Precio desde: <\/span><span class=\"common-slider-tour-meta__value\">\u20ac 75 \/ 1950 K\u010d<\/span><\/div><\/div>\t\t\t\t\t\t\n\t\t\t\t\t<\/div>\n\t\t\t\t\t\n\t\t\t\t<\/div>\n\t\t\t\t\n\t\t\t\t\t<\/div>\n\t<\/div>\n\t<\/section>\n\t\n\t\t\t<\/div>\n\t\n\t<\/section>\n\n[\/vc_column][\/vc_row]<\/p>\n<\/div>","protected":false},"excerpt":{"rendered":"<p>[vc_row][vc_column][vc_toggle title=\u00bb\u00bfCu\u00e1l es el tama\u00f1o del tour en grupo \/ tour privado?\u00bb style=\u00bbsquare_outline\u00bb open=\u00bbtrue\u00bb]El tour en grupo est\u00e1 limitado a 8 personas y un gu\u00eda. Si hay m\u00e1s de 6-8 personas, el grupo se dividir\u00e1 en subgrupos m\u00e1s peque\u00f1os de 6-8 personas cada uno. El tour privado es solo para su grupo y un gu\u00eda.<\/p>\n","protected":false},"author":2,"featured_media":0,"parent":0,"menu_order":0,"comment_status":"closed","ping_status":"closed","template":"page-blocks.php","meta":{"_acf_changed":false,"_joinchat":[],"footnotes":""},"class_list":["post-2860","page","type-page","status-publish"],"acf":[],"_links":{"self":[{"href":"https:\/\/prague-segway-tours.com\/es\/wp-json\/wp\/v2\/pages\/2860","targetHints":{"allow":["GET"]}}],"collection":[{"href":"https:\/\/prague-segway-tours.com\/es\/wp-json\/wp\/v2\/pages"}],"about":[{"href":"https:\/\/prague-segway-tours.com\/es\/wp-json\/wp\/v2\/types\/page"}],"author":[{"embeddable":true,"href":"https:\/\/prague-segway-tours.com\/es\/wp-json\/wp\/v2\/users\/2"}],"replies":[{"embeddable":true,"href":"https:\/\/prague-segway-tours.com\/es\/wp-json\/wp\/v2\/comments?post=2860"}],"version-history":[{"count":5,"href":"https:\/\/prague-segway-tours.com\/es\/wp-json\/wp\/v2\/pages\/2860\/revisions"}],"predecessor-version":[{"id":3507,"href":"https:\/\/prague-segway-tours.com\/es\/wp-json\/wp\/v2\/pages\/2860\/revisions\/3507"}],"wp:attachment":[{"href":"https:\/\/prague-segway-tours.com\/es\/wp-json\/wp\/v2\/media?parent=2860"}],"curies":[{"name":"wp","href":"https:\/\/api.w.org\/{rel}","templated":true}]}}