{"id":2857,"date":"2020-02-15T21:46:24","date_gmt":"2020-02-15T20:46:24","guid":{"rendered":"https:\/\/prague-segway-tours.com\/guias\/"},"modified":"2023-02-12T10:27:21","modified_gmt":"2023-02-12T09:27:21","slug":"guias","status":"publish","type":"page","link":"https:\/\/prague-segway-tours.com\/es\/guias\/","title":{"rendered":"gu\u00edas"},"content":{"rendered":"<div class=\"wpb-content-wrapper\"><p>[vc_row el_class=\u00bbguides-wrapper\u00bb][vc_column][vc_column_text single_style=\u00bb\u00bb]<br \/>\n<img loading=\"lazy\" decoding=\"async\" class=\"alignleft\" src=\"\/wp-content\/themes\/cheerup-child\/img\/guides\/PST-Magda--web.jpg\" alt=\"\" width=\"200\" height=\"149\" title=\"\"><\/p>\n<h3>Magdalena<\/h3>\n<p><i>Mi nombre es Magda y he estado viviendo en Praga toda mi vida, as\u00ed que puedo decir honestamente que lo conozco bastante bien. <\/i>\ud83d\ude09<br \/>\nSi est\u00e1s pensando en hacer una gira con Segways, \u00a1no lo pienses m\u00e1s! Eso es lo mejor que puedes hacer aqu\u00ed. \u00a1En serio, sin ninguna duda! De todos modos, si quieres una gu\u00eda, que sea comunicativa, de mente abierta, a la que le guste conocer gente nueva, \u00a1entonces soy la chica para ti!<br \/>\n\u00a1Me asegurar\u00e9 de que disfrutes cada minuto de tu recorrido y que tengas una experiencia inolvidable de la que todos tus amigos estar\u00e1n celosos! ;)[\/vc_column_text][vc_separator][vc_column_text single_style=\u00bb\u00bb]<br \/>\n<img loading=\"lazy\" decoding=\"async\" class=\"alignleft size-medium\" src=\"\/wp-content\/themes\/cheerup-child\/img\/guides\/PST-Janka--web_1.jpg\" width=\"200\" height=\"149\" alt=\"\" title=\"\"><\/p>\n<h3>Jana<\/h3>\n<p><i>Por lo general, soy la primera persona que conoce cuando viene a nuestra oficina. Me gusta trabajar para Prague Segway Tours porque son un gran grupo de personas. Estudio turismo y me encanta el arte, la arquitectura, la m\u00fasica y conocer gente de todo el mundo. Como ex gu\u00eda, tambi\u00e9n puedo darte consejos sobre las gemas ocultas de Praga. Adem\u00e1s de administrar la oficina, hago recorridos en espa\u00f1ol, as\u00ed que si necesitas un gu\u00eda en espa\u00f1ol, \u00a1estoy aqu\u00ed para ti! <\/i>[\/vc_column_text][vc_separator][vc_column_text single_style=\u00bb\u00bb]<br \/>\n<img loading=\"lazy\" decoding=\"async\" class=\"alignleft size-medium\" src=\"\/wp-content\/themes\/cheerup-child\/img\/guides\/PST-Andrejka--web.jpg\" width=\"200\" height=\"149\" alt=\"\" title=\"\"><\/p>\n<h3>Andrea<\/h3>\n<p><i>Estudio dise\u00f1o y arquitectura, riendo y viajando &#8230; Las experiencias ins\u00f3litas me hacen feliz. Disfruto tanto del arte en las galer\u00edas como del arte de la vida cotidiana. Durante mis estudios en Francia fui descubriendo diferentes culturas que siempre me dan curiosidad. <\/i><br \/>\n<i> Esa es tambi\u00e9n la raz\u00f3n por la que disfruto guiando turistas. A la hora de guiar prefiero las peque\u00f1as discusiones que suelen servir para un rato agradable y la oportunidad de aprender algo para todos. Como vivo en Praga desde que nac\u00ed, puedo mostrarte los lugares m\u00e1s espectaculares, as\u00ed como aquellos a los que los lugare\u00f1os van a tomar un helado <\/i> ;-)[\/vc_column_text][\/vc_column][\/vc_row]<\/p>\n<\/div>","protected":false},"excerpt":{"rendered":"<p>[vc_row el_class=\u00bbguides-wrapper\u00bb][vc_column][vc_column_text single_style=\u00bb\u00bb] Magdalena Mi nombre es Magda y he estado viviendo en Praga toda mi vida, as\u00ed que puedo decir honestamente que lo conozco bastante bien. \ud83d\ude09 Si est\u00e1s pensando en hacer una gira con Segways, \u00a1no lo pienses m\u00e1s! Eso es lo mejor que puedes hacer aqu\u00ed. \u00a1En serio, sin ninguna duda! De<\/p>\n","protected":false},"author":2,"featured_media":4377,"parent":0,"menu_order":0,"comment_status":"closed","ping_status":"closed","template":"page-blocks.php","meta":{"_acf_changed":false,"_joinchat":[],"footnotes":""},"class_list":["post-2857","page","type-page","status-publish","has-post-thumbnail"],"acf":[],"_links":{"self":[{"href":"https:\/\/prague-segway-tours.com\/es\/wp-json\/wp\/v2\/pages\/2857","targetHints":{"allow":["GET"]}}],"collection":[{"href":"https:\/\/prague-segway-tours.com\/es\/wp-json\/wp\/v2\/pages"}],"about":[{"href":"https:\/\/prague-segway-tours.com\/es\/wp-json\/wp\/v2\/types\/page"}],"author":[{"embeddable":true,"href":"https:\/\/prague-segway-tours.com\/es\/wp-json\/wp\/v2\/users\/2"}],"replies":[{"embeddable":true,"href":"https:\/\/prague-segway-tours.com\/es\/wp-json\/wp\/v2\/comments?post=2857"}],"version-history":[{"count":8,"href":"https:\/\/prague-segway-tours.com\/es\/wp-json\/wp\/v2\/pages\/2857\/revisions"}],"predecessor-version":[{"id":12508,"href":"https:\/\/prague-segway-tours.com\/es\/wp-json\/wp\/v2\/pages\/2857\/revisions\/12508"}],"wp:featuredmedia":[{"embeddable":true,"href":"https:\/\/prague-segway-tours.com\/es\/wp-json\/wp\/v2\/media\/4377"}],"wp:attachment":[{"href":"https:\/\/prague-segway-tours.com\/es\/wp-json\/wp\/v2\/media?parent=2857"}],"curies":[{"name":"wp","href":"https:\/\/api.w.org\/{rel}","templated":true}]}}