{"id":2846,"date":"2016-05-24T16:06:45","date_gmt":"2016-05-24T14:06:45","guid":{"rendered":"https:\/\/prague-segway-tours.com\/contacto\/"},"modified":"2021-09-10T14:12:11","modified_gmt":"2021-09-10T12:12:11","slug":"contacto","status":"publish","type":"page","link":"https:\/\/prague-segway-tours.com\/es\/contacto\/","title":{"rendered":"Contacto"},"content":{"rendered":"<div class=\"wpb-content-wrapper\"><p>[vc_row][vc_column][vc_column_text single_style=\u00bb\u00bb]<\/p>\n<h1><u><strong>Contacto &#8211; Prague SEGWAY e E-SCOOTER TOURS<\/strong><\/u><\/h1>\n<p>[\/vc_column_text][vc_row_inner][vc_column_inner width=\u00bb1\/2&#8243;][vc_column_text single_style=\u00bb\u00bb]<\/p>\n<h4 style=\"margin-top: 0;\"><strong>El punto de encuentro (nuestra oficina):\u00a0<\/strong><\/h4>\n<h5 style=\"margin-bottom: 4px;\">Plaza Maltezske 479\/7, Prague 1, Mala Strana<\/h5>\n<p><a href=\"https:\/\/www.google.com\/maps\/dir\/\/50.0861901,14.4049834\/@50.08619,14.404983,16z?hl=en\" target=\"_blank\" rel=\"noreferrer noopener nofollow\">Ver direcci\u00f3n en mapas de Google<\/a>\u00a0\u00bb<br \/>\n<em>Nos puede encontrar a pocos pasos del Puente de Carlos; La siguiente puerta al lado de la embajada japonesa<\/em>.<\/p>\n<p><strong>Phone: <a href=\"tel:+420724280838\">+420 724 280 838<\/a><\/strong><br \/>\n<strong>Phone: <a href=\"tel:+420228227658\">+420 228 227 658<\/a><\/strong><br \/>\n<strong>WhatsApp: <a href=\"https:\/\/wa.me\/420724280838\" target=\"_blank\" rel=\"nofollow noopener\" data-schema-attribute=\"\">+420 724 280 838<\/a><\/strong><\/p>\n<p>Email: <a href=\"mailto:info@prague-segway-tours.com\" target=\"_blank\" rel=\"noreferrer noopener nofollow\">info@prague-segway-tours.com<\/a>[\/vc_column_text][\/vc_column_inner][vc_column_inner width=\u00bb1\/2&#8243;][vc_single_image image=\u00bb2849&#8243; img_size=\u00bbfull\u00bb alignment=\u00bbright\u00bb style=\u00bbvc_box_outline\u00bb][\/vc_column_inner][\/vc_row_inner][vc_row_inner][vc_column_inner width=\u00bb1\/2&#8243;][\/vc_column_inner][vc_column_inner width=\u00bb1\/2&#8243;][\/vc_column_inner][\/vc_row_inner][vc_row_inner][vc_column_inner][vc_column_text single_style=\u00bb\u00bb]<strong>Tenga en cuenta que los Tours en Segway duran 30 minutos m\u00e1s que el tiempo de recorrido teorico. El traslado en autom\u00f3vil desde el centro de la ciudad hasta el punto de partida del segway en el \u00e1rea del castillo y de regreso se toma como tiempo extra gratuito.\u00a0<\/strong><\/p>\n<p>Los tours en bicicleta el\u00e9ctrica, scooter el\u00e9ctrico y trike son entre 10 y 15 minutos m\u00e1s que el tiempo del recorrido: proporcionamos tiempo adicional (sin cargo) para el entrenamiento de seguridad y la prueba de manejo supervisada.<\/p>\n<p>Aceptamos\u00a0<strong>tarjeta de cr\u00e9dito <\/strong>\u00a0<img loading=\"lazy\" decoding=\"async\" src=\"\/wp-content\/themes\/cheerup-child\/img\/karty.gif\" alt=\"Credit cards\" width=\"170\" height=\"30\" align=\"absMiddle\" title=\"\"> solo po via PayPal.[\/vc_column_text][\/vc_column_inner][\/vc_row_inner][vc_row_inner][vc_column_inner][vc_custom_heading text=\u00bb\u00bfA\u00fan tienes preguntas?\u00bb google_fonts=\u00bbfont_family:Roboto%3A100%2C100italic%2C300%2C300italic%2Cregular%2Citalic%2C500%2C500italic%2C700%2C700italic%2C900%2C900italic|font_style:500%20bold%20regular%3A500%3Anormal\u00bb css=\u00bb.vc_custom_1583080254627{margin-bottom: 20px !important;}\u00bb]\n<div class=\"wpcf7 no-js\" id=\"wpcf7-f3708-o1\" lang=\"es-ES\" dir=\"ltr\" data-wpcf7-id=\"3708\">\n<div class=\"screen-reader-response\"><p role=\"status\" aria-live=\"polite\" aria-atomic=\"true\"><\/p> <ul><\/ul><\/div>\n<form action=\"\/es\/wp-json\/wp\/v2\/pages\/2846#wpcf7-f3708-o1\" method=\"post\" class=\"wpcf7-form init\" aria-label=\"Formulario de contacto\" novalidate=\"novalidate\" data-status=\"init\">\n<fieldset class=\"hidden-fields-container\"><input type=\"hidden\" name=\"_wpcf7\" value=\"3708\" \/><input type=\"hidden\" name=\"_wpcf7_version\" value=\"6.1.5\" \/><input type=\"hidden\" name=\"_wpcf7_locale\" value=\"es_ES\" \/><input type=\"hidden\" name=\"_wpcf7_unit_tag\" value=\"wpcf7-f3708-o1\" \/><input type=\"hidden\" name=\"_wpcf7_container_post\" value=\"0\" \/><input type=\"hidden\" name=\"_wpcf7_posted_data_hash\" value=\"\" \/><input type=\"hidden\" name=\"_wpcf7_recaptcha_response\" value=\"\" \/>\n<\/fieldset>\n<div class=\"contact-form\">\n\t<div class=\"contact-form-control\">\n\t\t<p><label style=\"display:block;height:0;font-size:0;\" for=\"your-name\">Nombre completo *<\/label><span class=\"wpcf7-form-control-wrap\" data-name=\"your-name\"><input size=\"40\" maxlength=\"400\" class=\"wpcf7-form-control wpcf7-text wpcf7-validates-as-required\" id=\"your-name\" aria-required=\"true\" aria-invalid=\"false\" placeholder=\"Nombre completo *\" value=\"\" type=\"text\" name=\"your-name\" \/><\/span>\n\t\t<\/p>\n\t<\/div>\n\t<div class=\"contact-form-control\">\n\t\t<p><label style=\"display:block;height:0;font-size:0;\" for=\"your-email\">Email *<\/label><span class=\"wpcf7-form-control-wrap\" data-name=\"your-email\"><input size=\"40\" maxlength=\"400\" class=\"wpcf7-form-control wpcf7-email wpcf7-validates-as-required wpcf7-text wpcf7-validates-as-email\" id=\"your-email\" aria-required=\"true\" aria-invalid=\"false\" placeholder=\"Email *\" value=\"\" type=\"email\" name=\"your-email\" \/><\/span>\n\t\t<\/p>\n\t<\/div>\n\t<div class=\"contact-form-control\">\n\t\t<p><label style=\"display:block;height:0;font-size:0;\" for=\"your-phone\">Tel\u00e9fono<\/label><span class=\"wpcf7-form-control-wrap\" data-name=\"your-phone\"><input size=\"40\" maxlength=\"400\" class=\"wpcf7-form-control wpcf7-text\" id=\"your-phone\" aria-invalid=\"false\" placeholder=\"Tel\u00e9fono\" value=\"\" type=\"text\" name=\"your-phone\" \/><\/span>\n\t\t<\/p>\n\t<\/div>\n\t<div class=\"contact-form-control contact-form-control--message\">\n\t\t<p><label style=\"display:block;height:0;font-size:0;\" for=\"your-message\">Tu mensaje *<\/label><span class=\"wpcf7-form-control-wrap\" data-name=\"your-message\"><textarea cols=\"40\" rows=\"4\" maxlength=\"2000\" class=\"wpcf7-form-control wpcf7-textarea wpcf7-validates-as-required\" id=\"your-message\" aria-required=\"true\" aria-invalid=\"false\" placeholder=\"Tu mensaje *\" name=\"your-message\"><\/textarea><\/span>\n\t\t<\/p>\n\t<\/div>\n\t<div class=\"contact-form-control contact-form-control--submit\">\n\t\t<div class=\"cf7-cf-turnstile\" style=\"margin-top: 0px; margin-bottom: -15px;\"> <div id=\"cf-turnstile-cf7-1779193775\" class=\"cf-turnstile\" data-sitekey=\"0x4AAAAAAAP5M0ksGvBHdJR4\" data-theme=\"light\" data-language=\"auto\" data-size=\"normal\" data-retry=\"auto\" data-retry-interval=\"1000\" data-refresh-expired=\"auto\" data-refresh-timeout=\"auto\" data-action=\"contact-form-7\" data-callback=\"turnstileCF7Callback\" data-error-callback=\"cfturnstileErrorCallback\" data-appearance=\"always\"><\/div> <div class=\"cf-turnstile-failed-text cf-turnstile-failed-text-cf7-1779193775\"><\/div> <script> function cfturnstileErrorCallback() { var cfTurnstileFailedText = document.querySelector('.cf-turnstile-failed-text-cf7-1779193775'); cfTurnstileFailedText.innerHTML = '<p><i>No se ha podido verificar que eres humano. Ponte en contacto con nosotros si tienes problemas.<\/i><\/p>'; } function cfturnstileCallback() { var cfTurnstileFailedText = document.querySelector('.cf-turnstile-failed-text-cf7-1779193775'); cfTurnstileFailedText.innerHTML = ''; } <\/script> <script>document.addEventListener(\"DOMContentLoaded\", function() { setTimeout(function(){ var e=document.getElementById(\"cf-turnstile-cf7-1779193775\"); if(e&&!e.innerHTML.trim()){turnstile.render(e, {sitekey:\"0x4AAAAAAAP5M0ksGvBHdJR4\"});} }, 200); });<\/script> <br class=\"cf-turnstile-br cf-turnstile-br-cf7-1779193775\"> <style>#cf-turnstile-cf7-1779193775 { margin-left: -15px; }<\/style> <script>document.addEventListener(\"DOMContentLoaded\",function(){document.querySelectorAll('.wpcf7-form').forEach(function(e){e.addEventListener('submit',function(){if(document.getElementById('cf-turnstile-cf7-1779193775')){setTimeout(function(){turnstile.reset('#cf-turnstile-cf7-1779193775');},1000)}})})});<\/script> <\/div><br \/>\n<input class=\"wpcf7-form-control wpcf7-submit has-spinner\" type=\"submit\" value=\"Enviar\" \/>\n\t\t<\/p>\n\t<\/div>\n<\/div><p style=\"display: none !important;\" class=\"akismet-fields-container\" data-prefix=\"_wpcf7_ak_\"><label>&#916;<textarea name=\"_wpcf7_ak_hp_textarea\" cols=\"45\" rows=\"8\" maxlength=\"100\"><\/textarea><\/label><input type=\"hidden\" id=\"ak_js_1\" name=\"_wpcf7_ak_js\" value=\"162\"\/><script type=\"text\/javascript\">\n\/* <![CDATA[ *\/\ndocument.getElementById( \"ak_js_1\" ).setAttribute( \"value\", ( new Date() ).getTime() );\n\/* ]]> *\/\n<\/script>\n<\/p><div class=\"wpcf7-response-output\" aria-hidden=\"true\"><\/div>\n<\/form>\n<\/div>\n[\/vc_column_inner][\/vc_row_inner][\/vc_column][\/vc_row]<\/p>\n<\/div>","protected":false},"excerpt":{"rendered":"<p>[vc_row][vc_column][vc_column_text single_style=\u00bb\u00bb] Contacto &#8211; Prague SEGWAY e E-SCOOTER TOURS [\/vc_column_text][vc_row_inner][vc_column_inner width=\u00bb1\/2&#8243;][vc_column_text single_style=\u00bb\u00bb] El punto de encuentro (nuestra oficina):\u00a0 Plaza Maltezske 479\/7, Prague 1, Mala Strana Ver direcci\u00f3n en mapas de Google\u00a0\u00bb Nos puede encontrar a pocos pasos del Puente de Carlos; La siguiente puerta al lado de la embajada japonesa. Phone: +420 724 280 838<\/p>\n","protected":false},"author":2,"featured_media":2849,"parent":0,"menu_order":0,"comment_status":"closed","ping_status":"closed","template":"page-blocks.php","meta":{"_acf_changed":false,"_joinchat":[],"footnotes":""},"class_list":["post-2846","page","type-page","status-publish","has-post-thumbnail"],"acf":[],"_links":{"self":[{"href":"https:\/\/prague-segway-tours.com\/es\/wp-json\/wp\/v2\/pages\/2846","targetHints":{"allow":["GET"]}}],"collection":[{"href":"https:\/\/prague-segway-tours.com\/es\/wp-json\/wp\/v2\/pages"}],"about":[{"href":"https:\/\/prague-segway-tours.com\/es\/wp-json\/wp\/v2\/types\/page"}],"author":[{"embeddable":true,"href":"https:\/\/prague-segway-tours.com\/es\/wp-json\/wp\/v2\/users\/2"}],"replies":[{"embeddable":true,"href":"https:\/\/prague-segway-tours.com\/es\/wp-json\/wp\/v2\/comments?post=2846"}],"version-history":[{"count":5,"href":"https:\/\/prague-segway-tours.com\/es\/wp-json\/wp\/v2\/pages\/2846\/revisions"}],"predecessor-version":[{"id":4595,"href":"https:\/\/prague-segway-tours.com\/es\/wp-json\/wp\/v2\/pages\/2846\/revisions\/4595"}],"wp:featuredmedia":[{"embeddable":true,"href":"https:\/\/prague-segway-tours.com\/es\/wp-json\/wp\/v2\/media\/2849"}],"wp:attachment":[{"href":"https:\/\/prague-segway-tours.com\/es\/wp-json\/wp\/v2\/media?parent=2846"}],"curies":[{"name":"wp","href":"https:\/\/api.w.org\/{rel}","templated":true}]}}