{"id":5306,"date":"2022-02-12T09:58:20","date_gmt":"2022-02-12T08:58:20","guid":{"rendered":"https:\/\/prague-segway-tours.com\/das-wasser-in-prag-ist-trinkbar\/"},"modified":"2025-10-08T18:20:16","modified_gmt":"2025-10-08T16:20:16","slug":"das-wasser-in-prag-ist-trinkbar","status":"publish","type":"page","link":"https:\/\/prague-segway-tours.com\/de\/das-wasser-in-prag-ist-trinkbar\/","title":{"rendered":"Das Wasser in Prag ist trinkbar"},"content":{"rendered":"<figure id=\"attachment_5295\" aria-describedby=\"caption-attachment-5295\" style=\"width: 768px\" class=\"wp-caption alignleft\"><img loading=\"lazy\" decoding=\"async\" class=\"wp-image-5294\" src=\"https:\/\/prague-segway-tours.com\/wp-content\/uploads\/2022\/02\/water-in-prague-is-safe.jpg\" alt=\"{%ALT_TEXT%}\" width=\"768\" height=\"512\" title=\"\" srcset=\"https:\/\/prague-segway-tours.com\/wp-content\/uploads\/2022\/02\/water-in-prague-is-safe.jpg 1024w, https:\/\/prague-segway-tours.com\/wp-content\/uploads\/2022\/02\/water-in-prague-is-safe-300x200.jpg 300w, https:\/\/prague-segway-tours.com\/wp-content\/uploads\/2022\/02\/water-in-prague-is-safe-768x512.jpg 768w, https:\/\/prague-segway-tours.com\/wp-content\/uploads\/2022\/02\/water-in-prague-is-safe-175x117.jpg 175w, https:\/\/prague-segway-tours.com\/wp-content\/uploads\/2022\/02\/water-in-prague-is-safe-450x300.jpg 450w, https:\/\/prague-segway-tours.com\/wp-content\/uploads\/2022\/02\/water-in-prague-is-safe-270x180.jpg 270w\" sizes=\"auto, (max-width: 768px) 100vw, 768px\" \/><figcaption id=\"caption-attachment-5295\" class=\"wp-caption-text\">{%CAPTION%}<\/figcaption><\/figure>\n<h2>Das Leitungswasser in Prag ist trinkbar!<\/h2>\n<p>Die Qualit\u00e4t des Leitungswassers in der Tschechischen Republik ist sehr hoch. Sie k\u00f6nnen Leitungswasser in Prag trinken, ohne sich um unangenehme Folgen sorgen zu m\u00fcssen. Dem Wasseraufbereitungssystem wird besondere Aufmerksamkeit geschenkt, da die Gesundheit der Nation davon abh\u00e4ngt.<\/p>\n<p>In einem Restaurant kann Ihnen Leitungswasser in einer Karaffe serviert werden, aber beachten Sie, dass es Sie an manchen Orten eine Geb\u00fchr kosten kann, die mit den Kosten f\u00fcr einen Krug Bier vergleichbar ist. In Weinhandlungen hingegen wird Wasser sofort und kostenlos angeboten, denn es ist eine tschechische Tradition, Wein mit Wasser herunterzusp\u00fclen: Viele Tschechen verd\u00fcnnen sogar Wein mit Wasser in ihrem Glas.<\/p>\n<p>In den Parks und auf den Stra\u00dfen finden Sie Trinkwasserbrunnen, also scheuen Sie sich nicht, es in eine Flasche zu f\u00fcllen. Schauen Sie sich gleichzeitig die Schilder an, wenn das Wasser aus dem Brunnen nicht zum Trinken geeignet ist, steht es deutlich geschrieben, meist sogar in mehreren Sprachen.<\/p>\n","protected":false},"excerpt":{"rendered":"<p>Das Leitungswasser in Prag ist trinkbar! Die Qualit\u00e4t des Leitungswassers in der Tschechischen Republik ist sehr hoch. Sie k\u00f6nnen Leitungswasser in Prag trinken, ohne sich um unangenehme Folgen sorgen zu m\u00fcssen. Dem Wasseraufbereitungssystem wird besondere Aufmerksamkeit geschenkt, da die Gesundheit der Nation davon abh\u00e4ngt. In einem Restaurant kann Ihnen Leitungswasser in einer Karaffe serviert werden,<\/p>\n","protected":false},"author":1,"featured_media":0,"parent":0,"menu_order":0,"comment_status":"closed","ping_status":"closed","template":"","meta":{"_acf_changed":false,"_joinchat":[],"footnotes":""},"class_list":["post-5306","page","type-page","status-publish"],"acf":[],"_links":{"self":[{"href":"https:\/\/prague-segway-tours.com\/de\/wp-json\/wp\/v2\/pages\/5306","targetHints":{"allow":["GET"]}}],"collection":[{"href":"https:\/\/prague-segway-tours.com\/de\/wp-json\/wp\/v2\/pages"}],"about":[{"href":"https:\/\/prague-segway-tours.com\/de\/wp-json\/wp\/v2\/types\/page"}],"author":[{"embeddable":true,"href":"https:\/\/prague-segway-tours.com\/de\/wp-json\/wp\/v2\/users\/1"}],"replies":[{"embeddable":true,"href":"https:\/\/prague-segway-tours.com\/de\/wp-json\/wp\/v2\/comments?post=5306"}],"version-history":[{"count":2,"href":"https:\/\/prague-segway-tours.com\/de\/wp-json\/wp\/v2\/pages\/5306\/revisions"}],"predecessor-version":[{"id":17063,"href":"https:\/\/prague-segway-tours.com\/de\/wp-json\/wp\/v2\/pages\/5306\/revisions\/17063"}],"wp:attachment":[{"href":"https:\/\/prague-segway-tours.com\/de\/wp-json\/wp\/v2\/media?parent=5306"}],"curies":[{"name":"wp","href":"https:\/\/api.w.org\/{rel}","templated":true}]}}