{"id":5281,"date":"2022-01-27T13:25:35","date_gmt":"2022-01-27T12:25:35","guid":{"rendered":"https:\/\/prague-segway-tours.com\/10-speisen-die-man-in-prag-probieren-sollte\/"},"modified":"2023-02-06T18:30:10","modified_gmt":"2023-02-06T17:30:10","slug":"10-speisen-man-prag-probieren-sollte","status":"publish","type":"page","link":"https:\/\/prague-segway-tours.com\/de\/10-speisen-man-prag-probieren-sollte\/","title":{"rendered":"10 Speisen, die man in Prag probieren sollte"},"content":{"rendered":"<p>F\u00fcr diejenigen, die Prag besuchen, haben wir eine Liste der 10 ber\u00fchmtesten Speisen vorbereitet, die Sie in Prag probieren k\u00f6nnen, die beliebtesten Gerichte der tschechischen K\u00fcche, die Sie w\u00e4hrend Ihrer Reise unbedingt probieren sollten.<\/p>\n<p>Sehen Sie sich diese Liste an, und selbst wenn Sie nur f\u00fcr ein Wochenende in Prag sind, planen Sie im Voraus, was Sie probieren m\u00f6chten, denn die tschechische K\u00fcche ist sehr herzhaft und es w\u00e4re schade, das Beste zu verpassen.<\/p>\n","protected":false},"excerpt":{"rendered":"<p>F\u00fcr diejenigen, die Prag besuchen, haben wir eine Liste der 10 ber\u00fchmtesten Speisen vorbereitet, die Sie in Prag probieren k\u00f6nnen, die beliebtesten Gerichte der tschechischen K\u00fcche, die Sie w\u00e4hrend Ihrer Reise unbedingt probieren sollten. Sehen Sie sich diese Liste an, und selbst wenn Sie nur f\u00fcr ein Wochenende in Prag sind, planen Sie im Voraus,<\/p>\n","protected":false},"author":1,"featured_media":5177,"parent":0,"menu_order":0,"comment_status":"closed","ping_status":"closed","template":"template-article-10.php","meta":{"_acf_changed":false,"_joinchat":[],"footnotes":""},"class_list":["post-5281","page","type-page","status-publish","has-post-thumbnail"],"acf":[],"_links":{"self":[{"href":"https:\/\/prague-segway-tours.com\/de\/wp-json\/wp\/v2\/pages\/5281","targetHints":{"allow":["GET"]}}],"collection":[{"href":"https:\/\/prague-segway-tours.com\/de\/wp-json\/wp\/v2\/pages"}],"about":[{"href":"https:\/\/prague-segway-tours.com\/de\/wp-json\/wp\/v2\/types\/page"}],"author":[{"embeddable":true,"href":"https:\/\/prague-segway-tours.com\/de\/wp-json\/wp\/v2\/users\/1"}],"replies":[{"embeddable":true,"href":"https:\/\/prague-segway-tours.com\/de\/wp-json\/wp\/v2\/comments?post=5281"}],"version-history":[{"count":3,"href":"https:\/\/prague-segway-tours.com\/de\/wp-json\/wp\/v2\/pages\/5281\/revisions"}],"predecessor-version":[{"id":11885,"href":"https:\/\/prague-segway-tours.com\/de\/wp-json\/wp\/v2\/pages\/5281\/revisions\/11885"}],"wp:featuredmedia":[{"embeddable":true,"href":"https:\/\/prague-segway-tours.com\/de\/wp-json\/wp\/v2\/media\/5177"}],"wp:attachment":[{"href":"https:\/\/prague-segway-tours.com\/de\/wp-json\/wp\/v2\/media?parent=5281"}],"curies":[{"name":"wp","href":"https:\/\/api.w.org\/{rel}","templated":true}]}}