{"id":2374,"date":"2020-08-22T18:13:53","date_gmt":"2020-08-22T16:13:53","guid":{"rendered":"https:\/\/prague-segway-tours.com\/?page_id=2374"},"modified":"2023-02-09T13:52:59","modified_gmt":"2023-02-09T12:52:59","slug":"faq","status":"publish","type":"page","link":"https:\/\/prague-segway-tours.com\/de\/faq\/","title":{"rendered":"FAQ"},"content":{"rendered":"<div class=\"wpb-content-wrapper\"><p>[vc_row][vc_column][vc_toggle title=&#8220;Wie gro\u00df ist die Gruppenreise\/Privatreise?&#8220; style=&#8220;square_outline&#8220; open=&#8220;true&#8220;]Die Gruppentour ist auf 8 Personen und einen F\u00fchrer begrenzt. Bei mehr als 6\u20138 Personen wird die Gruppe in kleinere Untergruppen von jeweils 6\u20138 Personen aufgeteilt. Private Tour ist nur f\u00fcr Ihre Gruppe und einen F\u00fchrer. Niemand wird an Ihrer Tour teilnehmen.[\/vc_toggle][vc_toggle title=&#8220;What is the age limit for segway riding in your company?&#8220; style=&#8220;square_outline&#8220; open=&#8220;true&#8220;]Wir bieten keine Touren f\u00fcr Kinder unter 8 Jahren an.[\/vc_toggle][vc_toggle title=&#8220;What is the weight limit for segway riding in your company?&#8220; style=&#8220;square_outline&#8220; open=&#8220;true&#8220;]We do not provide the tours for persons with weight less than 30kg (65 lbs) and more than 160kg (350 lbs).[\/vc_toggle][vc_toggle title=&#8220;Was ist im Reisepreis enthalten?&#8220; style=&#8220;square_outline&#8220; open=&#8220;true&#8220;]Der Tourpreis beinhaltet einen professionellen englischen Guide, Schutzhelm, Regenmantel\/Handschuhe oder Schals (falls erforderlich) und ein kostenloses Getr\u00e4nk.[\/vc_toggle][vc_toggle title=&#8220;K\u00f6nnen wir unsere Tour mit dem Reiseleiter bestellen, der eine andere Sprache spricht &#8211; Deutsch, Franz\u00f6sisch, Italienisch, Spanisch, Russisch usw.?&#8220; style=&#8220;square_outline&#8220; open=&#8220;true&#8220;]Ja, wir k\u00f6nnen Touren in anderen Sprachen als Option f\u00fcr private Touren anbieten. Falls Sie sich f\u00fcr eine Minigruppenoption entschieden haben, ist der Guide sicher englischsprachig, aber Sie k\u00f6nnen eine Anfrage senden, und wenn m\u00f6glich, stellen wir Ihnen einen mehrsprachigen Guide zur Verf\u00fcgung.[\/vc_toggle][vc_toggle title=&#8220;Wer darf nicht Segway fahren?&#8220; style=&#8220;square_outline&#8220; open=&#8220;true&#8220;]Schwangere und alle unter Alkohol oder Drogen stehenden Personen d\u00fcrfen keinen Segway fahren![\/vc_toggle][vc_toggle title=&#8220;M\u00fcssen wir eine Haftungserkl\u00e4rung unterschreiben?&#8220; style=&#8220;square_outline&#8220; open=&#8220;true&#8220;]Ja, das tust du. Vor jeder Tour m\u00fcssen Sie die \u201eMietbedingungen\u201c lesen und unterschreiben. [\/vc_toggle][vc_toggle title=&#8220;Erhalte ich eine Best\u00e4tigung meiner Buchung?&#8220; style=&#8220;square_outline&#8220; open=&#8220;true&#8220;]Ja, Sie erhalten umgehend eine &#8222;Buchungsbest\u00e4tigung&#8220; per E-Mail mit allen Details Ihrer Buchung.[\/vc_toggle][vc_toggle title=&#8220;Wie kann ich f\u00fcr eine Segway-Tour bezahlen, wenn ich eine Reservierung abgeschlossen habe?&#8220; style=&#8220;square_outline&#8220; open=&#8220;true&#8220;]Wenn Sie die Buchung Ihrer Tour abschlie\u00dfen, erhalten Sie eine Aufforderung zur Anzahlung. Der Restbetrag wird voraussichtlich vor Tourbeginn in unserem B\u00fcro bezahlt. Wir akzeptieren Bargeld in CZK, EUR, USD oder Kreditkarten \u00fcber das PayPal-Gate.[\/vc_toggle][vc_toggle title=&#8220;Wie lauten die Stornierungs- und R\u00fcckerstattungsrichtlinien Ihres Unternehmens?&#8220; style=&#8220;square_outline&#8220; open=&#8220;true&#8220;]Wenn Sie Ihre Tour \u00e4ndern oder stornieren m\u00fcssen, kontaktieren Sie uns bitte sp\u00e4testens 48 Stunden vor Ihrer geplanten Tourzeit. In diesem Fall erstatten wir den vollen Betrag der Vorauszahlung zur\u00fcck.[\/vc_toggle][vc_toggle title=&#8220;Arbeiten Sie bei Regen?&#8220; style=&#8220;square_outline&#8220; open=&#8220;true&#8220;]Ja das tun wir. Leichter Regen ist kein Grund, die Tour abzusagen. Bei starkem Regen oder Eisgl\u00e4tte (im Winter) erstatten wir den vollen Betrag der Vorauszahlung oder versuchen, ein alternatives Datum und eine alternative Uhrzeit f\u00fcr Ihre Tour zu finden.[\/vc_toggle][vc_toggle title=&#8220;Ist es notwendig, eine Tour im Voraus zu buchen, oder k\u00f6nnen wir sie einfach zu Fu\u00df zu Ihrem B\u00fcro machen?&#8220; style=&#8220;square_outline&#8220; open=&#8220;true&#8220;]Wir empfehlen Ihnen, Ihre Tour im Voraus zu buchen, um sich Ihre Pl\u00e4tze zu sichern \u2013 insbesondere w\u00e4hrend der Sommersaison.[\/vc_toggle][vc_toggle title=&#8220;I have never ridden a segway before. Is it easy or should I have to be afraid?&#8220; style=&#8220;square_outline&#8220; open=&#8220;true&#8220;]Yes, it is very easy and funny! \ud83d\ude42\u00a0 You will get complete introduction and training how to Ja, es ist sehr einfach und lustig! \ud83d\ude42\u00a0 Vor Beginn der Tour erhalten Sie eine vollst\u00e4ndige Einf\u00fchrung und Schulung zum Segway-Fahren und welche Regeln zu beachten sind. Sobald sich die Segway-Maschine mit Ihrer Stimmung verbindet, wird das Fahren reibungslos und intuitiv &#8230;segway and what rules are necessary to follow, before the tour start. As soon as the segway machine connects to your mood, the riding becomes smooth and intuitive&#8230;[\/vc_toggle][vc_toggle title=&#8220;Wo ist der Ausgangspunkt Ihrer Touren?&#8220; style=&#8220;square_outline&#8220; open=&#8220;true&#8220;]Ja, es ist sehr einfach und lustig! \ud83d\ude42\u00a0 Vor Beginn der Tour erhalten Sie eine vollst\u00e4ndige Einf\u00fchrung und Schulung zum Segway-Fahren und welche Regeln zu beachten sind. Sobald sich die Segway-Maschine mit Ihrer Stimmung verbindet, wird das Fahren reibungslos und intuitiv &#8230;You can find us just few steps from the Charles Bridge; The next door to Japanese embassy.[\/vc_toggle][\/vc_column][\/vc_row][vc_row full_width=&#8220;stretch_row_content_no_spaces&#8220;][vc_column]\n\t<section class=\"cf block ts_slider\" data-id=\"p-1\">\n\t\n\t\t\n\t\t\t\t\n\t\t\t<h4 class=\"block-head block-head-legacy\">\n\t\t\t\t<span class=\"title\">Tours<\/span>\n\t\t\t<\/h4>\n\t\t\n\t\t\t\t\n\t\t\t\t\n\t\t<div class=\"block-content\">\n\t\t\t\n\t<section class=\"common-slider carousel-slider ts-contain\">\n\t<div class=\"wrap\">\n\t\t<div class=\"slides tour-slides tour-slides--6\" data-slider=\"carousel\" data-autoplay=\"1\" data-speed=\"4000\" data-parallax>\n\t\t\n\t\t\t\n                \t\t\n\t\t\t\t<div class=\"item common-slider-tour-item\">\n\n\t\t\t\t\t<a href=\"https:\/\/prague-segway-tours.com\/de\/segway-tours-de\/segway-tour-in-die-prager-canyons\/\" class=\"image-link media-ratio ratio-1-1\"><img loading=\"lazy\" decoding=\"async\" width=\"370\" height=\"370\" src=\"https:\/\/prague-segway-tours.com\/wp-content\/uploads\/2020\/06\/prague-canyon-private-tour-768x512.jpg\" class=\"attachment-cheerup-768 size-cheerup-768 wp-post-image\" alt=\"Ausflug zum Prager Canyon\" sizes=\"auto, (max-width: 370px) 100vw, 370px\" title=\"Segway Tour in die Prager Canyons\" srcset=\"https:\/\/prague-segway-tours.com\/wp-content\/uploads\/2020\/06\/prague-canyon-private-tour-768x512.jpg 768w, https:\/\/prague-segway-tours.com\/wp-content\/uploads\/2020\/06\/prague-canyon-private-tour-1024x683.jpg 1024w, https:\/\/prague-segway-tours.com\/wp-content\/uploads\/2020\/06\/prague-canyon-private-tour-1536x1024.jpg 1536w, https:\/\/prague-segway-tours.com\/wp-content\/uploads\/2020\/06\/prague-canyon-private-tour-450x300.jpg 450w, https:\/\/prague-segway-tours.com\/wp-content\/uploads\/2020\/06\/prague-canyon-private-tour-1170x780.jpg 1170w, https:\/\/prague-segway-tours.com\/wp-content\/uploads\/2020\/06\/prague-canyon-private-tour.jpg 1920w\" \/><\/a>\n                    \t\t\t\t\t\n\t\t\t\t\t<div class=\"overlay cf\">\n\n<!--\t\t\t\t\t\t-->                        <span class=\"category\">Segway Tours<\/span>\n\t\t\t\t\t\t\t\n\t\t\t\t\t\t<h2 class=\"heading\"><a href=\"https:\/\/prague-segway-tours.com\/de\/segway-tours-de\/segway-tour-in-die-prager-canyons\/\">Segway Tour in die Prager Canyons<\/a><\/h2>\n\n                        <div class=\"common-slider-tour-meta\"><div class=\"common-slider-tour-meta__item\"><span class=\"common-slider-tour-meta__meta\">Dauer: <\/span><span class=\"common-slider-tour-meta__value\">180 min<\/span><\/div><div class=\"common-slider-tour-meta__item\"><span class=\"common-slider-tour-meta__meta\">Guide: <\/span><span class=\"common-slider-tour-meta__value\">EN, DE, ES, RU<\/span><\/div><div class=\"common-slider-tour-meta__item\"><span class=\"common-slider-tour-meta__meta\">Preis von: <\/span><span class=\"common-slider-tour-meta__value\">\u20ac 120 \/ 3000 K\u010d<\/span><\/div><\/div>\t\t\t\t\t\t\n\t\t\t\t\t<\/div>\n\t\t\t\t\t\n\t\t\t\t<\/div>\n\t\t\t\t\n\t\t\t\n                \t\t\n\t\t\t\t<div class=\"item common-slider-tour-item\">\n\n\t\t\t\t\t<a href=\"https:\/\/prague-segway-tours.com\/de\/2-in-one-segway-escooter-de-2\/halbtagige-tour-mit-e-scootern-und-segways\/\" class=\"image-link media-ratio ratio-1-1\"><img loading=\"lazy\" decoding=\"async\" width=\"370\" height=\"370\" src=\"https:\/\/prague-segway-tours.com\/wp-content\/uploads\/2020\/02\/tour_img-1316132-145-768x509.jpg\" class=\"attachment-cheerup-768 size-cheerup-768 wp-post-image\" alt=\"scooter tour of Prague\" sizes=\"auto, (max-width: 370px) 100vw, 370px\" title=\"Halbt\u00e4gige Tour mit E-Scootern und Segways\" srcset=\"https:\/\/prague-segway-tours.com\/wp-content\/uploads\/2020\/02\/tour_img-1316132-145-768x509.jpg 768w, https:\/\/prague-segway-tours.com\/wp-content\/uploads\/2020\/02\/tour_img-1316132-145.jpg 960w\" \/><\/a>\n                    \t\t\t\t\t\n\t\t\t\t\t<div class=\"overlay cf\">\n\n<!--\t\t\t\t\t\t-->                        <span class=\"category\">Segway Tours<\/span>\n\t\t\t\t\t\t\t\n\t\t\t\t\t\t<h2 class=\"heading\"><a href=\"https:\/\/prague-segway-tours.com\/de\/2-in-one-segway-escooter-de-2\/halbtagige-tour-mit-e-scootern-und-segways\/\">Halbt\u00e4gige Tour mit E-Scootern und Segways<\/a><\/h2>\n\n                        <div class=\"common-slider-tour-meta\"><div class=\"common-slider-tour-meta__item\"><span class=\"common-slider-tour-meta__meta\">Dauer: <\/span><span class=\"common-slider-tour-meta__value\">240 min<\/span><\/div><div class=\"common-slider-tour-meta__item\"><span class=\"common-slider-tour-meta__meta\">Guide: <\/span><span class=\"common-slider-tour-meta__value\">EN, DE, ES, RU<\/span><\/div><div class=\"common-slider-tour-meta__item\"><span class=\"common-slider-tour-meta__meta\">Preis von: <\/span><span class=\"common-slider-tour-meta__value\">\u20ac 89 \/ 2250 K\u010d<\/span><\/div><\/div>\t\t\t\t\t\t\n\t\t\t\t\t<\/div>\n\t\t\t\t\t\n\t\t\t\t<\/div>\n\t\t\t\t\n\t\t\t\n                \t\t\n\t\t\t\t<div class=\"item common-slider-tour-item\">\n\n\t\t\t\t\t<a href=\"https:\/\/prague-segway-tours.com\/de\/2-in-one-segway-escooter-de-2\/doppelt-tour-segway-e-scooter\/\" class=\"image-link media-ratio ratio-1-1\"><img loading=\"lazy\" decoding=\"async\" width=\"370\" height=\"370\" src=\"https:\/\/prague-segway-tours.com\/wp-content\/uploads\/2020\/03\/prague-bridges-view-point-768x512.jpg\" class=\"attachment-cheerup-768 size-cheerup-768 wp-post-image\" alt=\"Prager Blick auf Br\u00fccken\" sizes=\"auto, (max-width: 370px) 100vw, 370px\" title=\"Doppelt Tour: Segway + E-Scooter\" srcset=\"https:\/\/prague-segway-tours.com\/wp-content\/uploads\/2020\/03\/prague-bridges-view-point-768x512.jpg 768w, https:\/\/prague-segway-tours.com\/wp-content\/uploads\/2020\/03\/prague-bridges-view-point-1024x683.jpg 1024w, https:\/\/prague-segway-tours.com\/wp-content\/uploads\/2020\/03\/prague-bridges-view-point-1536x1024.jpg 1536w, https:\/\/prague-segway-tours.com\/wp-content\/uploads\/2020\/03\/prague-bridges-view-point-450x300.jpg 450w, https:\/\/prague-segway-tours.com\/wp-content\/uploads\/2020\/03\/prague-bridges-view-point-1170x780.jpg 1170w, https:\/\/prague-segway-tours.com\/wp-content\/uploads\/2020\/03\/prague-bridges-view-point.jpg 1920w\" \/><\/a>\n                    \t\t\t\t\t\n\t\t\t\t\t<div class=\"overlay cf\">\n\n<!--\t\t\t\t\t\t-->                        <span class=\"category\">Segway Tours<\/span>\n\t\t\t\t\t\t\t\n\t\t\t\t\t\t<h2 class=\"heading\"><a href=\"https:\/\/prague-segway-tours.com\/de\/2-in-one-segway-escooter-de-2\/doppelt-tour-segway-e-scooter\/\">Doppelt Tour: Segway + E-Scooter<\/a><\/h2>\n\n                        <div class=\"common-slider-tour-meta\"><div class=\"common-slider-tour-meta__item\"><span class=\"common-slider-tour-meta__meta\">Dauer: <\/span><span class=\"common-slider-tour-meta__value\">180 min<\/span><\/div><div class=\"common-slider-tour-meta__item\"><span class=\"common-slider-tour-meta__meta\">Guide: <\/span><span class=\"common-slider-tour-meta__value\">EN, DE, ES, RU<\/span><\/div><div class=\"common-slider-tour-meta__item\"><span class=\"common-slider-tour-meta__meta\">Preis von: <\/span><span class=\"common-slider-tour-meta__value\">\u20ac 89 <\/span><\/div><\/div>\t\t\t\t\t\t\n\t\t\t\t\t<\/div>\n\t\t\t\t\t\n\t\t\t\t<\/div>\n\t\t\t\t\n\t\t\t\n                \t\t\n\t\t\t\t<div class=\"item common-slider-tour-item\">\n\n\t\t\t\t\t<a href=\"https:\/\/prague-segway-tours.com\/de\/electric-scooter-tours-de\/grosse-prag-tour\/\" class=\"image-link media-ratio ratio-1-1\"><img loading=\"lazy\" decoding=\"async\" width=\"370\" height=\"370\" src=\"https:\/\/prague-segway-tours.com\/wp-content\/uploads\/2020\/02\/franz-kafka-head-768x512.jpg\" class=\"attachment-cheerup-768 size-cheerup-768 wp-post-image\" alt=\"Franz Kafka Kopfskulptur\" sizes=\"auto, (max-width: 370px) 100vw, 370px\" title=\"Gro\u00dfe Prag Tour\" srcset=\"https:\/\/prague-segway-tours.com\/wp-content\/uploads\/2020\/02\/franz-kafka-head-768x512.jpg 768w, https:\/\/prague-segway-tours.com\/wp-content\/uploads\/2020\/02\/franz-kafka-head-1024x683.jpg 1024w, https:\/\/prague-segway-tours.com\/wp-content\/uploads\/2020\/02\/franz-kafka-head-1536x1024.jpg 1536w, https:\/\/prague-segway-tours.com\/wp-content\/uploads\/2020\/02\/franz-kafka-head-450x300.jpg 450w, https:\/\/prague-segway-tours.com\/wp-content\/uploads\/2020\/02\/franz-kafka-head-1170x780.jpg 1170w, https:\/\/prague-segway-tours.com\/wp-content\/uploads\/2020\/02\/franz-kafka-head.jpg 1920w\" \/><\/a>\n                    \t\t\t\t\t\n\t\t\t\t\t<div class=\"overlay cf\">\n\n<!--\t\t\t\t\t\t-->                        <span class=\"category\">Electric Scooter Tours<\/span>\n\t\t\t\t\t\t\t\n\t\t\t\t\t\t<h2 class=\"heading\"><a href=\"https:\/\/prague-segway-tours.com\/de\/electric-scooter-tours-de\/grosse-prag-tour\/\">Gro\u00dfe Prag Tour<\/a><\/h2>\n\n                        <div class=\"common-slider-tour-meta\"><div class=\"common-slider-tour-meta__item\"><span class=\"common-slider-tour-meta__meta\">Dauer: <\/span><span class=\"common-slider-tour-meta__value\">180 min<\/span><\/div><div class=\"common-slider-tour-meta__item\"><span class=\"common-slider-tour-meta__meta\">Guide: <\/span><span class=\"common-slider-tour-meta__value\">EN\/ DE\/ ES\/ RU\/ FR<\/span><\/div><div class=\"common-slider-tour-meta__item\"><span class=\"common-slider-tour-meta__meta\">Preis von: <\/span><span class=\"common-slider-tour-meta__value\">\u20ac 79 \/ 1900 K\u010d (the lowest price in low season)<\/span><\/div><\/div>\t\t\t\t\t\t\n\t\t\t\t\t<\/div>\n\t\t\t\t\t\n\t\t\t\t<\/div>\n\t\t\t\t\n\t\t\t\n                \t\t\n\t\t\t\t<div class=\"item common-slider-tour-item\">\n\n\t\t\t\t\t<a href=\"https:\/\/prague-segway-tours.com\/de\/electric-scooter-tours-de\/viewpoints-tour\/\" class=\"image-link media-ratio ratio-1-1\"><img loading=\"lazy\" decoding=\"async\" width=\"370\" height=\"370\" src=\"https:\/\/prague-segway-tours.com\/wp-content\/uploads\/2020\/02\/park-ebike-prague-tour-768x512.jpg\" class=\"attachment-cheerup-768 size-cheerup-768 wp-post-image\" alt=\"E-Scooter-Tour in Prag\" sizes=\"auto, (max-width: 370px) 100vw, 370px\" title=\"E-Scooter Stationen Tour\" srcset=\"https:\/\/prague-segway-tours.com\/wp-content\/uploads\/2020\/02\/park-ebike-prague-tour-768x512.jpg 768w, https:\/\/prague-segway-tours.com\/wp-content\/uploads\/2020\/02\/park-ebike-prague-tour-1024x683.jpg 1024w, https:\/\/prague-segway-tours.com\/wp-content\/uploads\/2020\/02\/park-ebike-prague-tour-1536x1024.jpg 1536w, https:\/\/prague-segway-tours.com\/wp-content\/uploads\/2020\/02\/park-ebike-prague-tour-450x300.jpg 450w, https:\/\/prague-segway-tours.com\/wp-content\/uploads\/2020\/02\/park-ebike-prague-tour-1170x780.jpg 1170w, https:\/\/prague-segway-tours.com\/wp-content\/uploads\/2020\/02\/park-ebike-prague-tour.jpg 1920w\" \/><\/a>\n                    \t\t\t\t\t\n\t\t\t\t\t<div class=\"overlay cf\">\n\n<!--\t\t\t\t\t\t-->                        <span class=\"category\">Electric Scooter Tours<\/span>\n\t\t\t\t\t\t\t\n\t\t\t\t\t\t<h2 class=\"heading\"><a href=\"https:\/\/prague-segway-tours.com\/de\/electric-scooter-tours-de\/viewpoints-tour\/\">E-Scooter Stationen Tour<\/a><\/h2>\n\n                        <div class=\"common-slider-tour-meta\"><div class=\"common-slider-tour-meta__item\"><span class=\"common-slider-tour-meta__meta\">Dauer: <\/span><span class=\"common-slider-tour-meta__value\">120 min<\/span><\/div><div class=\"common-slider-tour-meta__item\"><span class=\"common-slider-tour-meta__meta\">Guide: <\/span><span class=\"common-slider-tour-meta__value\">EN, DE, ES, RU<\/span><\/div><div class=\"common-slider-tour-meta__item\"><span class=\"common-slider-tour-meta__meta\">Preis von: <\/span><span class=\"common-slider-tour-meta__value\">\u20ac 58 \/ 1450 K\u010d<\/span><\/div><\/div>\t\t\t\t\t\t\n\t\t\t\t\t<\/div>\n\t\t\t\t\t\n\t\t\t\t<\/div>\n\t\t\t\t\n\t\t\t\n                \t\t\n\t\t\t\t<div class=\"item common-slider-tour-item\">\n\n\t\t\t\t\t<a href=\"https:\/\/prague-segway-tours.com\/de\/segway-tours-de\/zweifache-klosterbrauereien-tour\/\" class=\"image-link media-ratio ratio-1-1\"><img loading=\"lazy\" decoding=\"async\" width=\"370\" height=\"370\" src=\"https:\/\/prague-segway-tours.com\/wp-content\/uploads\/2020\/02\/strahov-brewery-fun-tour-768x512.jpg\" class=\"attachment-cheerup-768 size-cheerup-768 wp-post-image\" alt=\"Zweifache Klosterbrauereien Tour in Prag\" sizes=\"auto, (max-width: 370px) 100vw, 370px\" title=\"Zweifache Klosterbrauereien Tour\" srcset=\"https:\/\/prague-segway-tours.com\/wp-content\/uploads\/2020\/02\/strahov-brewery-fun-tour-768x512.jpg 768w, https:\/\/prague-segway-tours.com\/wp-content\/uploads\/2020\/02\/strahov-brewery-fun-tour-1024x683.jpg 1024w, https:\/\/prague-segway-tours.com\/wp-content\/uploads\/2020\/02\/strahov-brewery-fun-tour-1536x1024.jpg 1536w, https:\/\/prague-segway-tours.com\/wp-content\/uploads\/2020\/02\/strahov-brewery-fun-tour-450x300.jpg 450w, https:\/\/prague-segway-tours.com\/wp-content\/uploads\/2020\/02\/strahov-brewery-fun-tour-1170x780.jpg 1170w, https:\/\/prague-segway-tours.com\/wp-content\/uploads\/2020\/02\/strahov-brewery-fun-tour.jpg 1920w\" \/><\/a>\n                    \t\t\t\t\t\n\t\t\t\t\t<div class=\"overlay cf\">\n\n<!--\t\t\t\t\t\t-->                        <span class=\"category\">Segway Tours<\/span>\n\t\t\t\t\t\t\t\n\t\t\t\t\t\t<h2 class=\"heading\"><a href=\"https:\/\/prague-segway-tours.com\/de\/segway-tours-de\/zweifache-klosterbrauereien-tour\/\">Zweifache Klosterbrauereien Tour<\/a><\/h2>\n\n                        <div class=\"common-slider-tour-meta\"><div class=\"common-slider-tour-meta__item\"><span class=\"common-slider-tour-meta__meta\">Dauer: <\/span><span class=\"common-slider-tour-meta__value\">180 min<\/span><\/div><div class=\"common-slider-tour-meta__item\"><span class=\"common-slider-tour-meta__meta\">Guide: <\/span><span class=\"common-slider-tour-meta__value\">EN, DE, ES, RU<\/span><\/div><div class=\"common-slider-tour-meta__item\"><span class=\"common-slider-tour-meta__meta\">Preis von: <\/span><span class=\"common-slider-tour-meta__value\">\u20ac 75 \/ 1950 K\u010d<\/span><\/div><\/div>\t\t\t\t\t\t\n\t\t\t\t\t<\/div>\n\t\t\t\t\t\n\t\t\t\t<\/div>\n\t\t\t\t\n\t\t\t\t\t<\/div>\n\t<\/div>\n\t<\/section>\n\t\n\t\t\t<\/div>\n\t\n\t<\/section>\n\n[\/vc_column][\/vc_row]<\/p>\n<\/div>","protected":false},"excerpt":{"rendered":"<p>[vc_row][vc_column][vc_toggle title=&#8220;Wie gro\u00df ist die Gruppenreise\/Privatreise?&#8220; style=&#8220;square_outline&#8220; open=&#8220;true&#8220;]Die Gruppentour ist auf 8 Personen und einen F\u00fchrer begrenzt. Bei mehr als 6\u20138 Personen wird die Gruppe in kleinere Untergruppen von jeweils 6\u20138 Personen aufgeteilt. Private Tour ist nur f\u00fcr Ihre Gruppe und einen F\u00fchrer. Niemand wird an Ihrer Tour teilnehmen.[\/vc_toggle][vc_toggle title=&#8220;What is the age limit for<\/p>\n","protected":false},"author":2,"featured_media":0,"parent":0,"menu_order":0,"comment_status":"closed","ping_status":"closed","template":"page-blocks.php","meta":{"_acf_changed":false,"_joinchat":[],"footnotes":""},"class_list":["post-2374","page","type-page","status-publish"],"acf":[],"_links":{"self":[{"href":"https:\/\/prague-segway-tours.com\/de\/wp-json\/wp\/v2\/pages\/2374","targetHints":{"allow":["GET"]}}],"collection":[{"href":"https:\/\/prague-segway-tours.com\/de\/wp-json\/wp\/v2\/pages"}],"about":[{"href":"https:\/\/prague-segway-tours.com\/de\/wp-json\/wp\/v2\/types\/page"}],"author":[{"embeddable":true,"href":"https:\/\/prague-segway-tours.com\/de\/wp-json\/wp\/v2\/users\/2"}],"replies":[{"embeddable":true,"href":"https:\/\/prague-segway-tours.com\/de\/wp-json\/wp\/v2\/comments?post=2374"}],"version-history":[{"count":8,"href":"https:\/\/prague-segway-tours.com\/de\/wp-json\/wp\/v2\/pages\/2374\/revisions"}],"predecessor-version":[{"id":12299,"href":"https:\/\/prague-segway-tours.com\/de\/wp-json\/wp\/v2\/pages\/2374\/revisions\/12299"}],"wp:attachment":[{"href":"https:\/\/prague-segway-tours.com\/de\/wp-json\/wp\/v2\/media?parent=2374"}],"curies":[{"name":"wp","href":"https:\/\/api.w.org\/{rel}","templated":true}]}}