{"id":2355,"date":"2016-05-24T16:06:45","date_gmt":"2016-05-24T14:06:45","guid":{"rendered":"https:\/\/prague-segway-tours.com\/contact\/"},"modified":"2025-01-18T16:02:28","modified_gmt":"2025-01-18T15:02:28","slug":"prague-segway-tours-contact-phone-map","status":"publish","type":"page","link":"https:\/\/prague-segway-tours.com\/de\/prague-segway-tours-contact-phone-map\/","title":{"rendered":"Kontakt"},"content":{"rendered":"<div class=\"wpb-content-wrapper\"><p>[vc_row][vc_column][vc_column_text single_style=&#8220;&#8220;]<\/p>\n<h1 style=\"margin: 0;\"><u><strong>Prag SEGWAY-Touren<\/strong><\/u><\/h1>\n<p style=\"margin-left: 100px; margin-bottom: 0;\">und<\/p>\n<h2 style=\"margin: 0;\"><u><strong>Prag E-SCOOTER-Touren<\/strong><\/u><\/h2>\n<h3 style=\"margin-left: 60px;\">Kontakt<\/h3>\n<p>[\/vc_column_text][vc_row_inner][vc_column_inner width=&#8220;1\/2&#8243;][vc_column_text single_style=&#8220;&#8220;]<\/p>\n<h4 style=\"margin-top: 0;\">Der Treffpunkt (unser B\u00fcro):<\/h4>\n<h5 style=\"margin-bottom: 4px;\">Prague Segway Tours, Maltezsk\u00e9-Platz 479\/7, Prag 1, Kleinseite<\/h5>\n<p><a href=\"https:\/\/www.google.com\/maps\/dir\/\/50.0861901,14.4049834\/@50.08619,14.404983,16z?hl=en\" target=\"_blank\" rel=\"noreferrer noopener nofollow\">Adresse auf Google Maps ansehen<\/a>\u00a0\u00bb<br \/>\n<em>Sie finden uns nur wenige Schritte von der Karlsbr\u00fccke entfernt; Die n\u00e4chste T\u00fcr zur japanischen Botschaft.<\/em><\/p>\n<p><strong>Telefon: <a href=\"tel:+420724280838\">+420 724 280 838<\/a><\/strong><br \/>\n<strong>Telefon: <a href=\"tel:+420228227658\">+420 228 227 658<\/a><\/strong><br \/>\n<strong>WhatsApp: <a href=\"https:\/\/wa.me\/420724280838\" target=\"_blank\" rel=\"nofollow noopener\" data-schema-attribute=\"\">+420 724 280 838<\/a><\/strong><\/p>\n<p>Email: <a href=\"mailto:info@prague-segway-tours.com\" target=\"_blank\" rel=\"noreferrer noopener\">info@prague-segway-tours.com<\/a>[\/vc_column_text][\/vc_column_inner][vc_column_inner width=&#8220;1\/2&#8243;][vc_single_image image=&#8220;2357&#8243; img_size=&#8220;full&#8220; alignment=&#8220;right&#8220; style=&#8220;vc_box_outline&#8220;][\/vc_column_inner][\/vc_row_inner][vc_row_inner][vc_column_inner width=&#8220;1\/2&#8243;][\/vc_column_inner][vc_column_inner width=&#8220;1\/2&#8243;][\/vc_column_inner][\/vc_row_inner][vc_row_inner][vc_column_inner][vc_column_text single_style=&#8220;&#8220;]<strong>Bitte beachten Sie, dass Segway-Touren ca. 30 Minuten l\u00e4nger dauern als die \u201ereine\u201c Tour. Der Transfer mit dem Auto von der Innenstadt zum Segway-Startpunkt im Burggebiet und zur\u00fcck ist nicht in der Tourzeit enthalten.<\/strong><\/p>\n<p>E-Bike-, E-Scooter- und Trike-Touren dauern etwa 10\u201315 Minuten l\u00e4nger als die Tourzeit: Wir stellen zus\u00e4tzliche Zeit (kostenlos) f\u00fcr das Sicherheitstraining und die betreute Probefahrt zur Verf\u00fcgung.<\/p>\n<p><strong>Wir akzeptieren Kreditkarten <\/strong>\u00a0<img loading=\"lazy\" decoding=\"async\" src=\"\/wp-content\/themes\/cheerup-child\/img\/karty.gif\" alt=\"Credit cards\" width=\"170\" height=\"30\" align=\"absMiddle\" title=\"\"> Nur \u00fcber PayPal-Gateway.[\/vc_column_text][\/vc_column_inner][\/vc_row_inner][vc_row_inner][vc_column_inner][vc_custom_heading text=&#8220;Still have questions?&#8220; google_fonts=&#8220;font_family:Roboto%3A100%2C100italic%2C300%2C300italic%2Cregular%2Citalic%2C500%2C500italic%2C700%2C700italic%2C900%2C900italic|font_style:500%20bold%20regular%3A500%3Anormal&#8220; css=&#8220;.vc_custom_1583080254627{margin-bottom: 20px !important;}&#8220;]\n<div class=\"wpcf7 no-js\" id=\"wpcf7-f2366-o1\" lang=\"de-DE\" dir=\"ltr\" data-wpcf7-id=\"2366\">\n<div class=\"screen-reader-response\"><p role=\"status\" aria-live=\"polite\" aria-atomic=\"true\"><\/p> <ul><\/ul><\/div>\n<form action=\"\/de\/wp-json\/wp\/v2\/pages\/2355#wpcf7-f2366-o1\" method=\"post\" class=\"wpcf7-form init\" aria-label=\"Kontaktformular\" novalidate=\"novalidate\" data-status=\"init\">\n<fieldset class=\"hidden-fields-container\"><input type=\"hidden\" name=\"_wpcf7\" value=\"2366\" \/><input type=\"hidden\" name=\"_wpcf7_version\" value=\"6.1.5\" \/><input type=\"hidden\" name=\"_wpcf7_locale\" value=\"de_DE\" \/><input type=\"hidden\" name=\"_wpcf7_unit_tag\" value=\"wpcf7-f2366-o1\" \/><input type=\"hidden\" name=\"_wpcf7_container_post\" value=\"0\" \/><input type=\"hidden\" name=\"_wpcf7_posted_data_hash\" value=\"\" \/><input type=\"hidden\" name=\"_wpcf7_recaptcha_response\" value=\"\" \/>\n<\/fieldset>\n<div class=\"contact-form\">\n\t<div class=\"contact-form-control\">\n\t\t<p><span class=\"wpcf7-form-control-wrap\" data-name=\"your-name\"><input size=\"40\" maxlength=\"400\" class=\"wpcf7-form-control wpcf7-text wpcf7-validates-as-required\" aria-required=\"true\" aria-invalid=\"false\" placeholder=\"Vollst\u00e4ndiger Name *\" value=\"\" type=\"text\" name=\"your-name\" \/><\/span>\n\t\t<\/p>\n\t<\/div>\n\t<div class=\"contact-form-control\">\n\t\t<p><span class=\"wpcf7-form-control-wrap\" data-name=\"your-email\"><input size=\"40\" maxlength=\"400\" class=\"wpcf7-form-control wpcf7-email wpcf7-validates-as-required wpcf7-text wpcf7-validates-as-email\" aria-required=\"true\" aria-invalid=\"false\" placeholder=\"Email *\" value=\"\" type=\"email\" name=\"your-email\" \/><\/span>\n\t\t<\/p>\n\t<\/div>\n\t<div class=\"contact-form-control\">\n\t\t<p><span class=\"wpcf7-form-control-wrap\" data-name=\"your-phone\"><input size=\"40\" maxlength=\"400\" class=\"wpcf7-form-control wpcf7-text\" aria-invalid=\"false\" placeholder=\"Telefonnummer\" value=\"\" type=\"text\" name=\"your-phone\" \/><\/span>\n\t\t<\/p>\n\t<\/div>\n\t<div class=\"contact-form-control contact-form-control--message\">\n\t\t<p><span class=\"wpcf7-form-control-wrap\" data-name=\"your-message\"><textarea cols=\"40\" rows=\"4\" maxlength=\"2000\" class=\"wpcf7-form-control wpcf7-textarea wpcf7-validates-as-required\" aria-required=\"true\" aria-invalid=\"false\" placeholder=\"Deine Nachricht *\" name=\"your-message\"><\/textarea><\/span>\n\t\t<\/p>\n\t<\/div>\n\t<div class=\"contact-form-control contact-form-control--submit\">\n\t\t<div class=\"cf7-cf-turnstile\" style=\"margin-top: 0px; margin-bottom: -15px;\"> <div id=\"cf-turnstile-cf7-2168237950\" class=\"cf-turnstile\" data-sitekey=\"0x4AAAAAAAP5M0ksGvBHdJR4\" data-theme=\"light\" data-language=\"auto\" data-size=\"normal\" data-retry=\"auto\" data-retry-interval=\"1000\" data-refresh-expired=\"auto\" data-refresh-timeout=\"auto\" data-action=\"contact-form-7\" data-callback=\"turnstileCF7Callback\" data-error-callback=\"cfturnstileErrorCallback\" data-appearance=\"always\"><\/div> <div class=\"cf-turnstile-failed-text cf-turnstile-failed-text-cf7-2168237950\"><\/div> <script> function cfturnstileErrorCallback() { var cfTurnstileFailedText = document.querySelector('.cf-turnstile-failed-text-cf7-2168237950'); cfTurnstileFailedText.innerHTML = '<p><i>Failed to verify you are human. Please contact us if you are having issues.<\/i><\/p>'; } function cfturnstileCallback() { var cfTurnstileFailedText = document.querySelector('.cf-turnstile-failed-text-cf7-2168237950'); cfTurnstileFailedText.innerHTML = ''; } <\/script> <script>document.addEventListener(\"DOMContentLoaded\", function() { setTimeout(function(){ var e=document.getElementById(\"cf-turnstile-cf7-2168237950\"); if(e&&!e.innerHTML.trim()){turnstile.render(e, {sitekey:\"0x4AAAAAAAP5M0ksGvBHdJR4\"});} }, 200); });<\/script> <br class=\"cf-turnstile-br cf-turnstile-br-cf7-2168237950\"> <style>#cf-turnstile-cf7-2168237950 { margin-left: -15px; }<\/style> <script>document.addEventListener(\"DOMContentLoaded\",function(){document.querySelectorAll('.wpcf7-form').forEach(function(e){e.addEventListener('submit',function(){if(document.getElementById('cf-turnstile-cf7-2168237950')){setTimeout(function(){turnstile.reset('#cf-turnstile-cf7-2168237950');},1000)}})})});<\/script> <\/div><br \/>\n<input class=\"wpcf7-form-control wpcf7-submit has-spinner\" type=\"submit\" value=\"Absenden\" \/>\n\t\t<\/p>\n\t<\/div>\n<\/div><p style=\"display: none !important;\" class=\"akismet-fields-container\" data-prefix=\"_wpcf7_ak_\"><label>&#916;<textarea name=\"_wpcf7_ak_hp_textarea\" cols=\"45\" rows=\"8\" maxlength=\"100\"><\/textarea><\/label><input type=\"hidden\" id=\"ak_js_1\" name=\"_wpcf7_ak_js\" value=\"130\"\/><script>document.getElementById( \"ak_js_1\" ).setAttribute( \"value\", ( new Date() ).getTime() );<\/script><\/p><div class=\"wpcf7-response-output\" aria-hidden=\"true\"><\/div>\n<\/form>\n<\/div>\n[\/vc_column_inner][\/vc_row_inner][\/vc_column][\/vc_row][vc_row][vc_column][vc_column_text single_style=&#8220;&#8220; css=&#8220;&#8220;]Web site prague-segway-tours.com belongs to legal company TOURS AND RENT s.r.o., Reg.Nr. 28691270[\/vc_column_text][\/vc_column][\/vc_row]<\/p>\n<\/div>","protected":false},"excerpt":{"rendered":"<p>[vc_row][vc_column][vc_column_text single_style=&#8220;&#8220;] Prag SEGWAY-Touren und Prag E-SCOOTER-Touren Kontakt [\/vc_column_text][vc_row_inner][vc_column_inner width=&#8220;1\/2&#8243;][vc_column_text single_style=&#8220;&#8220;] Der Treffpunkt (unser B\u00fcro): Prague Segway Tours, Maltezsk\u00e9-Platz 479\/7, Prag 1, Kleinseite Adresse auf Google Maps ansehen\u00a0\u00bb Sie finden uns nur wenige Schritte von der Karlsbr\u00fccke entfernt; Die n\u00e4chste T\u00fcr zur japanischen Botschaft. Telefon: +420 724 280 838 Telefon: +420 228 227 658 WhatsApp:<\/p>\n","protected":false},"author":2,"featured_media":2357,"parent":0,"menu_order":0,"comment_status":"closed","ping_status":"closed","template":"page-blocks.php","meta":{"_acf_changed":false,"_joinchat":[],"footnotes":""},"class_list":["post-2355","page","type-page","status-publish","has-post-thumbnail"],"acf":[],"_links":{"self":[{"href":"https:\/\/prague-segway-tours.com\/de\/wp-json\/wp\/v2\/pages\/2355","targetHints":{"allow":["GET"]}}],"collection":[{"href":"https:\/\/prague-segway-tours.com\/de\/wp-json\/wp\/v2\/pages"}],"about":[{"href":"https:\/\/prague-segway-tours.com\/de\/wp-json\/wp\/v2\/types\/page"}],"author":[{"embeddable":true,"href":"https:\/\/prague-segway-tours.com\/de\/wp-json\/wp\/v2\/users\/2"}],"replies":[{"embeddable":true,"href":"https:\/\/prague-segway-tours.com\/de\/wp-json\/wp\/v2\/comments?post=2355"}],"version-history":[{"count":26,"href":"https:\/\/prague-segway-tours.com\/de\/wp-json\/wp\/v2\/pages\/2355\/revisions"}],"predecessor-version":[{"id":16765,"href":"https:\/\/prague-segway-tours.com\/de\/wp-json\/wp\/v2\/pages\/2355\/revisions\/16765"}],"wp:featuredmedia":[{"embeddable":true,"href":"https:\/\/prague-segway-tours.com\/de\/wp-json\/wp\/v2\/media\/2357"}],"wp:attachment":[{"href":"https:\/\/prague-segway-tours.com\/de\/wp-json\/wp\/v2\/media?parent=2355"}],"curies":[{"name":"wp","href":"https:\/\/api.w.org\/{rel}","templated":true}]}}